{"id":619,"date":"2019-07-10T09:40:42","date_gmt":"2019-07-10T07:40:42","guid":{"rendered":"http:\/\/crimar.net\/rotulacion\/vinilos\/"},"modified":"2019-10-25T13:23:16","modified_gmt":"2019-10-25T11:23:16","slug":"vinilos","status":"publish","type":"page","link":"https:\/\/crimar.net\/es\/servicios\/rotulacion\/vinilos\/","title":{"rendered":"Vinilos"},"content":{"rendered":"\t\t<div data-elementor-type=\"wp-post\" data-elementor-id=\"619\" class=\"elementor elementor-619 elementor-375\">\n\t\t\t\t\t\t<div class=\"elementor-inner\">\n\t\t\t\t<div class=\"elementor-section-wrap\">\n\t\t\t\t\t\t\t\t\t<section class=\"elementor-section elementor-top-section elementor-element elementor-element-617f737 elementor-section-boxed elementor-section-height-default elementor-section-height-default\" data-id=\"617f737\" data-element_type=\"section\" data-settings=\"{&quot;jet_parallax_layout_list&quot;:[{&quot;jet_parallax_layout_image&quot;:{&quot;url&quot;:&quot;&quot;,&quot;id&quot;:&quot;&quot;,&quot;size&quot;:&quot;&quot;},&quot;_id&quot;:&quot;c4fd368&quot;,&quot;jet_parallax_layout_image_tablet&quot;:{&quot;url&quot;:&quot;&quot;,&quot;id&quot;:&quot;&quot;,&quot;size&quot;:&quot;&quot;},&quot;jet_parallax_layout_image_mobile&quot;:{&quot;url&quot;:&quot;&quot;,&quot;id&quot;:&quot;&quot;,&quot;size&quot;:&quot;&quot;},&quot;jet_parallax_layout_speed&quot;:{&quot;unit&quot;:&quot;%&quot;,&quot;size&quot;:50,&quot;sizes&quot;:[]},&quot;jet_parallax_layout_type&quot;:&quot;scroll&quot;,&quot;jet_parallax_layout_z_index&quot;:&quot;&quot;,&quot;jet_parallax_layout_bg_x&quot;:50,&quot;jet_parallax_layout_bg_y&quot;:50,&quot;jet_parallax_layout_bg_size&quot;:&quot;auto&quot;,&quot;jet_parallax_layout_animation_prop&quot;:&quot;transform&quot;,&quot;jet_parallax_layout_on&quot;:[&quot;desktop&quot;,&quot;tablet&quot;],&quot;jet_parallax_layout_direction&quot;:null,&quot;jet_parallax_layout_fx_direction&quot;:null,&quot;jet_parallax_layout_bg_x_tablet&quot;:&quot;&quot;,&quot;jet_parallax_layout_bg_x_mobile&quot;:&quot;&quot;,&quot;jet_parallax_layout_bg_y_tablet&quot;:&quot;&quot;,&quot;jet_parallax_layout_bg_y_mobile&quot;:&quot;&quot;,&quot;jet_parallax_layout_bg_size_tablet&quot;:&quot;&quot;,&quot;jet_parallax_layout_bg_size_mobile&quot;:&quot;&quot;}]}\">\n\t\t\t\t\t\t<div class=\"elementor-container elementor-column-gap-default\">\n\t\t\t\t\t\t\t<div class=\"elementor-row\">\n\t\t\t\t\t<div class=\"elementor-column elementor-col-100 elementor-top-column elementor-element elementor-element-e638d30\" data-id=\"e638d30\" data-element_type=\"column\">\n\t\t\t<div class=\"elementor-column-wrap elementor-element-populated\">\n\t\t\t\t\t\t\t<div class=\"elementor-widget-wrap\">\n\t\t\t\t\t\t<div class=\"elementor-element elementor-element-6e35d5a elementor-widget elementor-widget-heading\" data-id=\"6e35d5a\" data-element_type=\"widget\" data-widget_type=\"heading.default\">\n\t\t\t\t<div class=\"elementor-widget-container\">\n\t\t\t<h2 class=\"elementor-heading-title elementor-size-default\">Rotulaci\u00f3n de vinilos<\/h2>\t\t<\/div>\n\t\t\t\t<\/div>\n\t\t\t\t<div class=\"elementor-element elementor-element-982c97a elementor-widget elementor-widget-text-editor\" data-id=\"982c97a\" data-element_type=\"widget\" data-widget_type=\"text-editor.default\">\n\t\t\t\t<div class=\"elementor-widget-container\">\n\t\t\t\t\t\t\t\t<div class=\"elementor-text-editor elementor-clearfix\">\n\t\t\t\t<p>Los vinilos son l\u00e1minas adhesivas ideales para decorar espacios comerciales y negocios.<br \/>\nPersonalizamos el dise\u00f1o y lo adaptamos a todo tipo de superficies. (Fachadas, vidrios, puertas, paredes, etc).<\/p>\n\t\t\t\t\t<\/div>\n\t\t\t\t\t\t<\/div>\n\t\t\t\t<\/div>\n\t\t\t\t\t\t<\/div>\n\t\t\t\t\t<\/div>\n\t\t<\/div>\n\t\t\t\t\t\t\t\t<\/div>\n\t\t\t\t\t<\/div>\n\t\t<\/section>\n\t\t\t\t<section class=\"elementor-section elementor-top-section elementor-element elementor-element-2481ad6 elementor-section-boxed elementor-section-height-default elementor-section-height-default\" data-id=\"2481ad6\" data-element_type=\"section\" data-settings=\"{&quot;jet_parallax_layout_list&quot;:[{&quot;jet_parallax_layout_image&quot;:{&quot;url&quot;:&quot;&quot;,&quot;id&quot;:&quot;&quot;,&quot;size&quot;:&quot;&quot;},&quot;_id&quot;:&quot;a6028a3&quot;,&quot;jet_parallax_layout_image_tablet&quot;:{&quot;url&quot;:&quot;&quot;,&quot;id&quot;:&quot;&quot;,&quot;size&quot;:&quot;&quot;},&quot;jet_parallax_layout_image_mobile&quot;:{&quot;url&quot;:&quot;&quot;,&quot;id&quot;:&quot;&quot;,&quot;size&quot;:&quot;&quot;},&quot;jet_parallax_layout_speed&quot;:{&quot;unit&quot;:&quot;%&quot;,&quot;size&quot;:50,&quot;sizes&quot;:[]},&quot;jet_parallax_layout_type&quot;:&quot;scroll&quot;,&quot;jet_parallax_layout_z_index&quot;:&quot;&quot;,&quot;jet_parallax_layout_bg_x&quot;:50,&quot;jet_parallax_layout_bg_y&quot;:50,&quot;jet_parallax_layout_bg_size&quot;:&quot;auto&quot;,&quot;jet_parallax_layout_animation_prop&quot;:&quot;transform&quot;,&quot;jet_parallax_layout_on&quot;:[&quot;desktop&quot;,&quot;tablet&quot;],&quot;jet_parallax_layout_direction&quot;:null,&quot;jet_parallax_layout_fx_direction&quot;:null,&quot;jet_parallax_layout_bg_x_tablet&quot;:&quot;&quot;,&quot;jet_parallax_layout_bg_x_mobile&quot;:&quot;&quot;,&quot;jet_parallax_layout_bg_y_tablet&quot;:&quot;&quot;,&quot;jet_parallax_layout_bg_y_mobile&quot;:&quot;&quot;,&quot;jet_parallax_layout_bg_size_tablet&quot;:&quot;&quot;,&quot;jet_parallax_layout_bg_size_mobile&quot;:&quot;&quot;}]}\">\n\t\t\t\t\t\t<div class=\"elementor-container elementor-column-gap-default\">\n\t\t\t\t\t\t\t<div class=\"elementor-row\">\n\t\t\t\t\t<div class=\"elementor-column elementor-col-100 elementor-top-column elementor-element elementor-element-e45422c\" data-id=\"e45422c\" data-element_type=\"column\">\n\t\t\t<div class=\"elementor-column-wrap elementor-element-populated\">\n\t\t\t\t\t\t\t<div class=\"elementor-widget-wrap\">\n\t\t\t\t\t\t<div class=\"elementor-element elementor-element-61a0ea4 elementor-widget elementor-widget-image-gallery\" data-id=\"61a0ea4\" data-element_type=\"widget\" data-widget_type=\"image-gallery.default\">\n\t\t\t\t<div class=\"elementor-widget-container\">\n\t\t\t\t\t<div class=\"elementor-image-gallery\">\n\t\t\t<div id='gallery-1' class='gallery galleryid-619 gallery-columns-3 gallery-size-medium'><figure class='gallery-item'>\n\t\t\t<div class='gallery-icon landscape'>\n\t\t\t\t<a data-elementor-open-lightbox=\"yes\" data-elementor-lightbox-slideshow=\"61a0ea4\" data-elementor-lightbox-title=\"impresion de vinilos de corte\" data-elementor-lightbox-description=\"impresi\u00f3n de vinilos de corte\" data-e-action-hash=\"#elementor-action%3Aaction%3Dlightbox%26settings%3DeyJpZCI6MTg0NSwidXJsIjoiaHR0cHM6XC9cL2NyaW1hci5uZXRcL3dwLWNvbnRlbnRcL3VwbG9hZHNcLzIwMTlcLzEwXC9pbXByZXNpb24tZGUtdmluaWxvcy1kZS1jb3J0ZS5qcGciLCJzbGlkZXNob3ciOiI2MWEwZWE0In0%3D\" href='https:\/\/crimar.net\/wp-content\/uploads\/2019\/10\/impresion-de-vinilos-de-corte.jpg'><img loading=\"lazy\" decoding=\"async\" width=\"300\" height=\"225\" src=\"https:\/\/crimar.net\/wp-content\/uploads\/2019\/10\/impresion-de-vinilos-de-corte-300x225.jpg\" class=\"attachment-medium size-medium\" alt=\"impresi\u00f3n de vinilos de corte\" aria-describedby=\"gallery-1-1845\" srcset=\"https:\/\/crimar.net\/wp-content\/uploads\/2019\/10\/impresion-de-vinilos-de-corte-300x225.jpg 300w, https:\/\/crimar.net\/wp-content\/uploads\/2019\/10\/impresion-de-vinilos-de-corte-768x576.jpg 768w, https:\/\/crimar.net\/wp-content\/uploads\/2019\/10\/impresion-de-vinilos-de-corte-1024x768.jpg 1024w, https:\/\/crimar.net\/wp-content\/uploads\/2019\/10\/impresion-de-vinilos-de-corte.jpg 1200w\" sizes=\"(max-width: 300px) 100vw, 300px\" \/><\/a>\n\t\t\t<\/div>\n\t\t\t\t<figcaption class='wp-caption-text gallery-caption' id='gallery-1-1845'>\n\t\t\t\timpresi\u00f3n de vinilos de corte\n\t\t\t\t<\/figcaption><\/figure><figure class='gallery-item'>\n\t\t\t<div class='gallery-icon landscape'>\n\t\t\t\t<a data-elementor-open-lightbox=\"yes\" data-elementor-lightbox-slideshow=\"61a0ea4\" data-elementor-lightbox-title=\"vinilo gran formato\" data-elementor-lightbox-description=\"vinilo gran formato\" data-e-action-hash=\"#elementor-action%3Aaction%3Dlightbox%26settings%3DeyJpZCI6MTgzOSwidXJsIjoiaHR0cHM6XC9cL2NyaW1hci5uZXRcL3dwLWNvbnRlbnRcL3VwbG9hZHNcLzIwMTlcLzEwXC92aW5pbG8tZ3Jhbi1mb3JtYXRvLmpwZyIsInNsaWRlc2hvdyI6IjYxYTBlYTQifQ%3D%3D\" href='https:\/\/crimar.net\/wp-content\/uploads\/2019\/10\/vinilo-gran-formato.jpg'><img loading=\"lazy\" decoding=\"async\" width=\"300\" height=\"225\" src=\"https:\/\/crimar.net\/wp-content\/uploads\/2019\/10\/vinilo-gran-formato-300x225.jpg\" class=\"attachment-medium size-medium\" alt=\"vinilo gran formato\" aria-describedby=\"gallery-1-1839\" srcset=\"https:\/\/crimar.net\/wp-content\/uploads\/2019\/10\/vinilo-gran-formato-300x225.jpg 300w, https:\/\/crimar.net\/wp-content\/uploads\/2019\/10\/vinilo-gran-formato-768x576.jpg 768w, https:\/\/crimar.net\/wp-content\/uploads\/2019\/10\/vinilo-gran-formato-1024x768.jpg 1024w, https:\/\/crimar.net\/wp-content\/uploads\/2019\/10\/vinilo-gran-formato.jpg 1200w\" sizes=\"(max-width: 300px) 100vw, 300px\" \/><\/a>\n\t\t\t<\/div>\n\t\t\t\t<figcaption class='wp-caption-text gallery-caption' id='gallery-1-1839'>\n\t\t\t\timpresi\u00f3n digital de vinilos\n\t\t\t\t<\/figcaption><\/figure><figure class='gallery-item'>\n\t\t\t<div class='gallery-icon landscape'>\n\t\t\t\t<a data-elementor-open-lightbox=\"yes\" data-elementor-lightbox-slideshow=\"61a0ea4\" data-elementor-lightbox-title=\"vinilos para paredes\" data-elementor-lightbox-description=\"vinilo gran formato\" data-e-action-hash=\"#elementor-action%3Aaction%3Dlightbox%26settings%3DeyJpZCI6MTg0MSwidXJsIjoiaHR0cHM6XC9cL2NyaW1hci5uZXRcL3dwLWNvbnRlbnRcL3VwbG9hZHNcLzIwMTlcLzEwXC92aW5pbG9zLXBhcmEtcGFyZWRlcy5qcGciLCJzbGlkZXNob3ciOiI2MWEwZWE0In0%3D\" href='https:\/\/crimar.net\/wp-content\/uploads\/2019\/10\/vinilos-para-paredes.jpg'><img loading=\"lazy\" decoding=\"async\" width=\"300\" height=\"225\" src=\"https:\/\/crimar.net\/wp-content\/uploads\/2019\/10\/vinilos-para-paredes-300x225.jpg\" class=\"attachment-medium size-medium\" alt=\"vinilos decorativos para paredes\" aria-describedby=\"gallery-1-1841\" srcset=\"https:\/\/crimar.net\/wp-content\/uploads\/2019\/10\/vinilos-para-paredes-300x225.jpg 300w, https:\/\/crimar.net\/wp-content\/uploads\/2019\/10\/vinilos-para-paredes-768x576.jpg 768w, https:\/\/crimar.net\/wp-content\/uploads\/2019\/10\/vinilos-para-paredes-1024x768.jpg 1024w, https:\/\/crimar.net\/wp-content\/uploads\/2019\/10\/vinilos-para-paredes.jpg 1200w\" sizes=\"(max-width: 300px) 100vw, 300px\" \/><\/a>\n\t\t\t<\/div>\n\t\t\t\t<figcaption class='wp-caption-text gallery-caption' id='gallery-1-1841'>\n\t\t\t\tvinilos decorativos para paredes\n\t\t\t\t<\/figcaption><\/figure>\n\t\t<\/div>\n\t\t<\/div>\n\t\t\t\t<\/div>\n\t\t\t\t<\/div>\n\t\t\t\t\t\t<\/div>\n\t\t\t\t\t<\/div>\n\t\t<\/div>\n\t\t\t\t\t\t\t\t<\/div>\n\t\t\t\t\t<\/div>\n\t\t<\/section>\n\t\t\t\t\t\t\t\t\t<\/div>\n\t\t\t<\/div>\n\t\t\t\t\t<\/div>\n\t\t","protected":false},"excerpt":{"rendered":"<p>Rotulaci\u00f3n de vinilos Los vinilos son l\u00e1minas adhesivas ideales para decorar espacios comerciales y negocios. Personalizamos el dise\u00f1o y lo adaptamos a todo tipo de superficies. (Fachadas, vidrios, puertas, paredes, etc). impresi\u00f3n de vinilos de corte impresi\u00f3n digital de vinilos vinilos decorativos para paredes<\/p>\n","protected":false},"author":1,"featured_media":0,"parent":591,"menu_order":0,"comment_status":"closed","ping_status":"closed","template":"","meta":{"footnotes":""},"class_list":["post-619","page","type-page","status-publish","hentry"],"acf":[],"yoast_head":"<!-- This site is optimized with the Yoast SEO plugin v20.3 - https:\/\/yoast.com\/wordpress\/plugins\/seo\/ -->\n<title>Vinilos de corte y impresi\u00f3n - Crimar Retolaci\u00f3 Terrassa<\/title>\n<meta name=\"description\" content=\"Ofrecemos servicio de rotulaci\u00f3n con vinilos de corte, con materiales resistentes aptos para interior como para exterior. Vinilo impreso de alta resolluci\u00f3n\" \/>\n<meta name=\"robots\" content=\"index, follow, max-snippet:-1, max-image-preview:large, max-video-preview:-1\" \/>\n<link rel=\"canonical\" href=\"https:\/\/crimar.net\/es\/servicios\/rotulacion\/vinilos\/\" \/>\n<meta property=\"og:locale\" content=\"es_ES\" \/>\n<meta property=\"og:type\" content=\"article\" \/>\n<meta property=\"og:title\" content=\"Vinilos de corte y impresi\u00f3n - Crimar Retolaci\u00f3 Terrassa\" \/>\n<meta property=\"og:description\" content=\"Ofrecemos servicio de rotulaci\u00f3n con vinilos de corte, con materiales resistentes aptos para interior como para exterior. Vinilo impreso de alta resolluci\u00f3n\" \/>\n<meta property=\"og:url\" content=\"https:\/\/crimar.net\/es\/servicios\/rotulacion\/vinilos\/\" \/>\n<meta property=\"og:site_name\" content=\"Crimar Retolaci\u00f3 Terrassa - Fabricaci\u00f3 de r\u00e8tols\" \/>\n<meta property=\"article:publisher\" content=\"https:\/\/www.facebook.com\/Retolacio\/\" \/>\n<meta property=\"article:modified_time\" content=\"2019-10-25T11:23:16+00:00\" \/>\n<meta property=\"og:image\" content=\"http:\/\/crimar.net\/wp-content\/uploads\/2019\/10\/impresion-de-vinilos-de-corte-300x225.jpg\" \/>\n<meta name=\"twitter:card\" content=\"summary_large_image\" \/>\n<!-- \/ Yoast SEO plugin. -->","yoast_head_json":{"title":"Vinilos de corte y impresi\u00f3n - Crimar Retolaci\u00f3 Terrassa","description":"Ofrecemos servicio de rotulaci\u00f3n con vinilos de corte, con materiales resistentes aptos para interior como para exterior. Vinilo impreso de alta resolluci\u00f3n","robots":{"index":"index","follow":"follow","max-snippet":"max-snippet:-1","max-image-preview":"max-image-preview:large","max-video-preview":"max-video-preview:-1"},"canonical":"https:\/\/crimar.net\/es\/servicios\/rotulacion\/vinilos\/","og_locale":"es_ES","og_type":"article","og_title":"Vinilos de corte y impresi\u00f3n - Crimar Retolaci\u00f3 Terrassa","og_description":"Ofrecemos servicio de rotulaci\u00f3n con vinilos de corte, con materiales resistentes aptos para interior como para exterior. Vinilo impreso de alta resolluci\u00f3n","og_url":"https:\/\/crimar.net\/es\/servicios\/rotulacion\/vinilos\/","og_site_name":"Crimar Retolaci\u00f3 Terrassa - Fabricaci\u00f3 de r\u00e8tols","article_publisher":"https:\/\/www.facebook.com\/Retolacio\/","article_modified_time":"2019-10-25T11:23:16+00:00","og_image":[{"url":"http:\/\/crimar.net\/wp-content\/uploads\/2019\/10\/impresion-de-vinilos-de-corte-300x225.jpg"}],"twitter_card":"summary_large_image","schema":{"@context":"https:\/\/schema.org","@graph":[{"@type":"WebPage","@id":"https:\/\/crimar.net\/es\/servicios\/rotulacion\/vinilos\/","url":"https:\/\/crimar.net\/es\/servicios\/rotulacion\/vinilos\/","name":"Vinilos de corte y impresi\u00f3n - Crimar Retolaci\u00f3 Terrassa","isPartOf":{"@id":"https:\/\/crimar.net\/es\/#website"},"datePublished":"2019-07-10T07:40:42+00:00","dateModified":"2019-10-25T11:23:16+00:00","description":"Ofrecemos servicio de rotulaci\u00f3n con vinilos de corte, con materiales resistentes aptos para interior como para exterior. Vinilo impreso de alta resolluci\u00f3n","breadcrumb":{"@id":"https:\/\/crimar.net\/es\/servicios\/rotulacion\/vinilos\/#breadcrumb"},"inLanguage":"es","potentialAction":[{"@type":"ReadAction","target":["https:\/\/crimar.net\/es\/servicios\/rotulacion\/vinilos\/"]}]},{"@type":"BreadcrumbList","@id":"https:\/\/crimar.net\/es\/servicios\/rotulacion\/vinilos\/#breadcrumb","itemListElement":[{"@type":"ListItem","position":1,"name":"Inici","item":"https:\/\/crimar.net\/es\/"},{"@type":"ListItem","position":2,"name":"Servicios","item":"https:\/\/crimar.net\/es\/servicios\/"},{"@type":"ListItem","position":3,"name":"Rotulaci\u00f3n","item":"https:\/\/crimar.net\/es\/servicios\/rotulacion\/"},{"@type":"ListItem","position":4,"name":"Vinilos"}]},{"@type":"WebSite","@id":"https:\/\/crimar.net\/es\/#website","url":"https:\/\/crimar.net\/es\/","name":"Crimar Retolaci\u00f3 Terrassa - Fabricaci\u00f3 de r\u00e8tols","description":"Tot en retolaci\u00f3, vinils i expositors.","publisher":{"@id":"https:\/\/crimar.net\/es\/#organization"},"potentialAction":[{"@type":"SearchAction","target":{"@type":"EntryPoint","urlTemplate":"https:\/\/crimar.net\/es\/?s={search_term_string}"},"query-input":"required name=search_term_string"}],"inLanguage":"es"},{"@type":"Organization","@id":"https:\/\/crimar.net\/es\/#organization","name":"Crimar Retolaci\u00f3","url":"https:\/\/crimar.net\/es\/","logo":{"@type":"ImageObject","inLanguage":"es","@id":"https:\/\/crimar.net\/es\/#\/schema\/logo\/image\/","url":"http:\/\/crimar.net\/wp-content\/uploads\/2019\/07\/logo-crimar.png","contentUrl":"http:\/\/crimar.net\/wp-content\/uploads\/2019\/07\/logo-crimar.png","width":512,"height":512,"caption":"Crimar Retolaci\u00f3"},"image":{"@id":"https:\/\/crimar.net\/es\/#\/schema\/logo\/image\/"},"sameAs":["https:\/\/www.facebook.com\/Retolacio\/","https:\/\/www.instagram.com\/crimar_retolacio\/"]}]}},"_links":{"self":[{"href":"https:\/\/crimar.net\/es\/wp-json\/wp\/v2\/pages\/619"}],"collection":[{"href":"https:\/\/crimar.net\/es\/wp-json\/wp\/v2\/pages"}],"about":[{"href":"https:\/\/crimar.net\/es\/wp-json\/wp\/v2\/types\/page"}],"author":[{"embeddable":true,"href":"https:\/\/crimar.net\/es\/wp-json\/wp\/v2\/users\/1"}],"replies":[{"embeddable":true,"href":"https:\/\/crimar.net\/es\/wp-json\/wp\/v2\/comments?post=619"}],"version-history":[{"count":3,"href":"https:\/\/crimar.net\/es\/wp-json\/wp\/v2\/pages\/619\/revisions"}],"predecessor-version":[{"id":1848,"href":"https:\/\/crimar.net\/es\/wp-json\/wp\/v2\/pages\/619\/revisions\/1848"}],"up":[{"embeddable":true,"href":"https:\/\/crimar.net\/es\/wp-json\/wp\/v2\/pages\/591"}],"wp:attachment":[{"href":"https:\/\/crimar.net\/es\/wp-json\/wp\/v2\/media?parent=619"}],"curies":[{"name":"wp","href":"https:\/\/api.w.org\/{rel}","templated":true}]}}