{"id":614,"date":"2019-07-10T09:34:11","date_gmt":"2019-07-10T07:34:11","guid":{"rendered":"http:\/\/crimar.net\/rotulacion\/lonas-publicitarias\/"},"modified":"2020-12-15T17:01:41","modified_gmt":"2020-12-15T15:01:41","slug":"lonas-publicitarias-banderolas","status":"publish","type":"page","link":"https:\/\/crimar.net\/es\/servicios\/rotulacion\/lonas-publicitarias-banderolas\/","title":{"rendered":"Lonas publicitarias y banderolas"},"content":{"rendered":"\t\t<div data-elementor-type=\"wp-page\" data-elementor-id=\"614\" class=\"elementor elementor-614 elementor-542\">\n\t\t\t\t\t\t<div class=\"elementor-inner\">\n\t\t\t\t<div class=\"elementor-section-wrap\">\n\t\t\t\t\t\t\t\t\t<section class=\"elementor-section elementor-top-section elementor-element elementor-element-0510d24 elementor-section-boxed elementor-section-height-default elementor-section-height-default\" data-id=\"0510d24\" data-element_type=\"section\" data-settings=\"{&quot;jet_parallax_layout_list&quot;:[{&quot;jet_parallax_layout_image&quot;:{&quot;url&quot;:&quot;&quot;,&quot;id&quot;:&quot;&quot;,&quot;size&quot;:&quot;&quot;},&quot;_id&quot;:&quot;001e79d&quot;,&quot;jet_parallax_layout_image_tablet&quot;:{&quot;url&quot;:&quot;&quot;,&quot;id&quot;:&quot;&quot;,&quot;size&quot;:&quot;&quot;},&quot;jet_parallax_layout_image_mobile&quot;:{&quot;url&quot;:&quot;&quot;,&quot;id&quot;:&quot;&quot;,&quot;size&quot;:&quot;&quot;},&quot;jet_parallax_layout_speed&quot;:{&quot;unit&quot;:&quot;%&quot;,&quot;size&quot;:50,&quot;sizes&quot;:[]},&quot;jet_parallax_layout_type&quot;:&quot;scroll&quot;,&quot;jet_parallax_layout_direction&quot;:null,&quot;jet_parallax_layout_fx_direction&quot;:null,&quot;jet_parallax_layout_z_index&quot;:&quot;&quot;,&quot;jet_parallax_layout_bg_x&quot;:50,&quot;jet_parallax_layout_bg_x_tablet&quot;:&quot;&quot;,&quot;jet_parallax_layout_bg_x_mobile&quot;:&quot;&quot;,&quot;jet_parallax_layout_bg_y&quot;:50,&quot;jet_parallax_layout_bg_y_tablet&quot;:&quot;&quot;,&quot;jet_parallax_layout_bg_y_mobile&quot;:&quot;&quot;,&quot;jet_parallax_layout_bg_size&quot;:&quot;auto&quot;,&quot;jet_parallax_layout_bg_size_tablet&quot;:&quot;&quot;,&quot;jet_parallax_layout_bg_size_mobile&quot;:&quot;&quot;,&quot;jet_parallax_layout_animation_prop&quot;:&quot;transform&quot;,&quot;jet_parallax_layout_on&quot;:[&quot;desktop&quot;,&quot;tablet&quot;]}]}\">\n\t\t\t\t\t\t<div class=\"elementor-container elementor-column-gap-default\">\n\t\t\t\t\t\t\t<div class=\"elementor-row\">\n\t\t\t\t\t<div class=\"elementor-column elementor-col-100 elementor-top-column elementor-element elementor-element-edc95b6\" data-id=\"edc95b6\" data-element_type=\"column\">\n\t\t\t<div class=\"elementor-column-wrap elementor-element-populated\">\n\t\t\t\t\t\t\t<div class=\"elementor-widget-wrap\">\n\t\t\t\t\t\t<div class=\"elementor-element elementor-element-1c01546 elementor-widget elementor-widget-heading\" data-id=\"1c01546\" data-element_type=\"widget\" data-widget_type=\"heading.default\">\n\t\t\t\t<div class=\"elementor-widget-container\">\n\t\t\t<h2 class=\"elementor-heading-title elementor-size-default\">Impresi\u00f3n de lonas publicitarias<\/h2>\t\t<\/div>\n\t\t\t\t<\/div>\n\t\t\t\t<div class=\"elementor-element elementor-element-03ba153 elementor-widget elementor-widget-text-editor\" data-id=\"03ba153\" data-element_type=\"widget\" data-widget_type=\"text-editor.default\">\n\t\t\t\t<div class=\"elementor-widget-container\">\n\t\t\t\t\t\t\t\t<div class=\"elementor-text-editor elementor-clearfix\">\n\t\t\t\t<p>Fabricamos lonas publicitarias en PVC, lona perforada o textil, ideal para publicidad de gran formato tanto en interior como en exterior.<\/p>\t\t\t\t\t<\/div>\n\t\t\t\t\t\t<\/div>\n\t\t\t\t<\/div>\n\t\t\t\t\t\t<\/div>\n\t\t\t\t\t<\/div>\n\t\t<\/div>\n\t\t\t\t\t\t\t\t<\/div>\n\t\t\t\t\t<\/div>\n\t\t<\/section>\n\t\t\t\t<section class=\"elementor-section elementor-top-section elementor-element elementor-element-5b104bc elementor-section-boxed elementor-section-height-default elementor-section-height-default\" data-id=\"5b104bc\" data-element_type=\"section\" data-settings=\"{&quot;jet_parallax_layout_list&quot;:[{&quot;jet_parallax_layout_image&quot;:{&quot;url&quot;:&quot;&quot;,&quot;id&quot;:&quot;&quot;,&quot;size&quot;:&quot;&quot;},&quot;_id&quot;:&quot;b431346&quot;,&quot;jet_parallax_layout_image_tablet&quot;:{&quot;url&quot;:&quot;&quot;,&quot;id&quot;:&quot;&quot;,&quot;size&quot;:&quot;&quot;},&quot;jet_parallax_layout_image_mobile&quot;:{&quot;url&quot;:&quot;&quot;,&quot;id&quot;:&quot;&quot;,&quot;size&quot;:&quot;&quot;},&quot;jet_parallax_layout_speed&quot;:{&quot;unit&quot;:&quot;%&quot;,&quot;size&quot;:50,&quot;sizes&quot;:[]},&quot;jet_parallax_layout_type&quot;:&quot;scroll&quot;,&quot;jet_parallax_layout_direction&quot;:null,&quot;jet_parallax_layout_fx_direction&quot;:null,&quot;jet_parallax_layout_z_index&quot;:&quot;&quot;,&quot;jet_parallax_layout_bg_x&quot;:50,&quot;jet_parallax_layout_bg_x_tablet&quot;:&quot;&quot;,&quot;jet_parallax_layout_bg_x_mobile&quot;:&quot;&quot;,&quot;jet_parallax_layout_bg_y&quot;:50,&quot;jet_parallax_layout_bg_y_tablet&quot;:&quot;&quot;,&quot;jet_parallax_layout_bg_y_mobile&quot;:&quot;&quot;,&quot;jet_parallax_layout_bg_size&quot;:&quot;auto&quot;,&quot;jet_parallax_layout_bg_size_tablet&quot;:&quot;&quot;,&quot;jet_parallax_layout_bg_size_mobile&quot;:&quot;&quot;,&quot;jet_parallax_layout_animation_prop&quot;:&quot;transform&quot;,&quot;jet_parallax_layout_on&quot;:[&quot;desktop&quot;,&quot;tablet&quot;]}]}\">\n\t\t\t\t\t\t<div class=\"elementor-container elementor-column-gap-default\">\n\t\t\t\t\t\t\t<div class=\"elementor-row\">\n\t\t\t\t\t<div class=\"elementor-column elementor-col-100 elementor-top-column elementor-element elementor-element-a449a29\" data-id=\"a449a29\" data-element_type=\"column\">\n\t\t\t<div class=\"elementor-column-wrap elementor-element-populated\">\n\t\t\t\t\t\t\t<div class=\"elementor-widget-wrap\">\n\t\t\t\t\t\t<div class=\"elementor-element elementor-element-b998608 gallery-spacing-custom elementor-widget elementor-widget-image-gallery\" data-id=\"b998608\" data-element_type=\"widget\" data-widget_type=\"image-gallery.default\">\n\t\t\t\t<div class=\"elementor-widget-container\">\n\t\t\t\t\t<div class=\"elementor-image-gallery\">\n\t\t\t<div id='gallery-1' class='gallery galleryid-614 gallery-columns-4 gallery-size-medium'><figure class='gallery-item'>\n\t\t\t<div class='gallery-icon landscape'>\n\t\t\t\t<a data-elementor-open-lightbox=\"yes\" data-elementor-lightbox-slideshow=\"b998608\" data-elementor-lightbox-title=\"rotulaci\u00f3n impresion de lonas en gran formato\" data-elementor-lightbox-description=\"impresi\u00f3n de lonas en gran formato\" data-e-action-hash=\"#elementor-action%3Aaction%3Dlightbox%26settings%3DeyJpZCI6MTI4MSwidXJsIjoiaHR0cHM6XC9cL2NyaW1hci5uZXRcL3dwLWNvbnRlbnRcL3VwbG9hZHNcLzIwMTlcLzA4XC9pbXByZXNpb24tZGUtbG9uYXMtZW4tZ3Jhbi1mb3JtYXRvLmpwZyIsInNsaWRlc2hvdyI6ImI5OTg2MDgifQ%3D%3D\" href='https:\/\/crimar.net\/wp-content\/uploads\/2019\/08\/impresion-de-lonas-en-gran-formato.jpg'><img loading=\"lazy\" decoding=\"async\" width=\"300\" height=\"225\" src=\"https:\/\/crimar.net\/wp-content\/uploads\/2019\/08\/impresion-de-lonas-en-gran-formato-300x225.jpg\" class=\"attachment-medium size-medium\" alt=\"rotulaci\u00f3n Impresi\u00f3n de lonas en gran formato\" aria-describedby=\"gallery-1-1281\" srcset=\"https:\/\/crimar.net\/wp-content\/uploads\/2019\/08\/impresion-de-lonas-en-gran-formato-300x225.jpg 300w, https:\/\/crimar.net\/wp-content\/uploads\/2019\/08\/impresion-de-lonas-en-gran-formato-768x576.jpg 768w, https:\/\/crimar.net\/wp-content\/uploads\/2019\/08\/impresion-de-lonas-en-gran-formato-1024x768.jpg 1024w, https:\/\/crimar.net\/wp-content\/uploads\/2019\/08\/impresion-de-lonas-en-gran-formato.jpg 1200w\" sizes=\"(max-width: 300px) 100vw, 300px\" \/><\/a>\n\t\t\t<\/div>\n\t\t\t\t<figcaption class='wp-caption-text gallery-caption' id='gallery-1-1281'>\n\t\t\t\tImpresi\u00f3n de lonas en gran formato\n\t\t\t\t<\/figcaption><\/figure><figure class='gallery-item'>\n\t\t\t<div class='gallery-icon landscape'>\n\t\t\t\t<a data-elementor-open-lightbox=\"yes\" data-elementor-lightbox-slideshow=\"b998608\" data-elementor-lightbox-title=\"impresion de lonas publicidad\" data-elementor-lightbox-description=\"impresi\u00f3n de lonas en gran formato\" data-e-action-hash=\"#elementor-action%3Aaction%3Dlightbox%26settings%3DeyJpZCI6MTc2NiwidXJsIjoiaHR0cHM6XC9cL2NyaW1hci5uZXRcL3dwLWNvbnRlbnRcL3VwbG9hZHNcLzIwMTlcLzEwXC9pbXByZXNpb24tZGUtbG9uYXMtcHVibGljaWRhZC5qcGciLCJzbGlkZXNob3ciOiJiOTk4NjA4In0%3D\" href='https:\/\/crimar.net\/wp-content\/uploads\/2019\/10\/impresion-de-lonas-publicidad.jpg'><img loading=\"lazy\" decoding=\"async\" width=\"300\" height=\"225\" src=\"https:\/\/crimar.net\/wp-content\/uploads\/2019\/10\/impresion-de-lonas-publicidad-300x225.jpg\" class=\"attachment-medium size-medium\" alt=\"Impresi\u00f3n de lonas publicitarias\" aria-describedby=\"gallery-1-1766\" srcset=\"https:\/\/crimar.net\/wp-content\/uploads\/2019\/10\/impresion-de-lonas-publicidad-300x225.jpg 300w, https:\/\/crimar.net\/wp-content\/uploads\/2019\/10\/impresion-de-lonas-publicidad-768x576.jpg 768w, https:\/\/crimar.net\/wp-content\/uploads\/2019\/10\/impresion-de-lonas-publicidad-1024x768.jpg 1024w, https:\/\/crimar.net\/wp-content\/uploads\/2019\/10\/impresion-de-lonas-publicidad.jpg 1200w\" sizes=\"(max-width: 300px) 100vw, 300px\" \/><\/a>\n\t\t\t<\/div>\n\t\t\t\t<figcaption class='wp-caption-text gallery-caption' id='gallery-1-1766'>\n\t\t\t\tLonas publicitarias \n\t\t\t\t<\/figcaption><\/figure><figure class='gallery-item'>\n\t\t\t<div class='gallery-icon landscape'>\n\t\t\t\t<a data-elementor-open-lightbox=\"yes\" data-elementor-lightbox-slideshow=\"b998608\" data-elementor-lightbox-title=\"lonas publicitarias\" data-elementor-lightbox-description=\"impresi\u00f3n de lonas en gran formato\" data-e-action-hash=\"#elementor-action%3Aaction%3Dlightbox%26settings%3DeyJpZCI6MTc2OCwidXJsIjoiaHR0cHM6XC9cL2NyaW1hci5uZXRcL3dwLWNvbnRlbnRcL3VwbG9hZHNcLzIwMTlcLzEwXC9sb25hcy1wdWJsaWNpdGFyaWFzLmpwZyIsInNsaWRlc2hvdyI6ImI5OTg2MDgifQ%3D%3D\" href='https:\/\/crimar.net\/wp-content\/uploads\/2019\/10\/lonas-publicitarias.jpg'><img loading=\"lazy\" decoding=\"async\" width=\"300\" height=\"225\" src=\"https:\/\/crimar.net\/wp-content\/uploads\/2019\/10\/lonas-publicitarias-300x225.jpg\" class=\"attachment-medium size-medium\" alt=\"Lonas publicitarias\" aria-describedby=\"gallery-1-1768\" srcset=\"https:\/\/crimar.net\/wp-content\/uploads\/2019\/10\/lonas-publicitarias-300x225.jpg 300w, https:\/\/crimar.net\/wp-content\/uploads\/2019\/10\/lonas-publicitarias-768x576.jpg 768w, https:\/\/crimar.net\/wp-content\/uploads\/2019\/10\/lonas-publicitarias-1024x768.jpg 1024w, https:\/\/crimar.net\/wp-content\/uploads\/2019\/10\/lonas-publicitarias.jpg 1200w\" sizes=\"(max-width: 300px) 100vw, 300px\" \/><\/a>\n\t\t\t<\/div>\n\t\t\t\t<figcaption class='wp-caption-text gallery-caption' id='gallery-1-1768'>\n\t\t\t\tLona publicitaria en PVC\n\t\t\t\t<\/figcaption><\/figure><figure class='gallery-item'>\n\t\t\t<div class='gallery-icon landscape'>\n\t\t\t\t<a data-elementor-open-lightbox=\"yes\" data-elementor-lightbox-slideshow=\"b998608\" data-elementor-lightbox-title=\"lonas y banderolas publicitarias\" data-elementor-lightbox-description=\"impresi\u00f3n de lonas en gran formato\" data-e-action-hash=\"#elementor-action%3Aaction%3Dlightbox%26settings%3DeyJpZCI6MTc2NCwidXJsIjoiaHR0cHM6XC9cL2NyaW1hci5uZXRcL3dwLWNvbnRlbnRcL3VwbG9hZHNcLzIwMTlcLzEwXC9sb25hcy15LWJhbmRlcm9sYXMtcHVibGljaXRhcmlhcy5qcGciLCJzbGlkZXNob3ciOiJiOTk4NjA4In0%3D\" href='https:\/\/crimar.net\/wp-content\/uploads\/2019\/10\/lonas-y-banderolas-publicitarias.jpg'><img loading=\"lazy\" decoding=\"async\" width=\"300\" height=\"225\" src=\"https:\/\/crimar.net\/wp-content\/uploads\/2019\/10\/lonas-y-banderolas-publicitarias-300x225.jpg\" class=\"attachment-medium size-medium\" alt=\"Lonas y banderolas publicitarias\" aria-describedby=\"gallery-1-1764\" srcset=\"https:\/\/crimar.net\/wp-content\/uploads\/2019\/10\/lonas-y-banderolas-publicitarias-300x225.jpg 300w, https:\/\/crimar.net\/wp-content\/uploads\/2019\/10\/lonas-y-banderolas-publicitarias-768x576.jpg 768w, https:\/\/crimar.net\/wp-content\/uploads\/2019\/10\/lonas-y-banderolas-publicitarias-1024x768.jpg 1024w, https:\/\/crimar.net\/wp-content\/uploads\/2019\/10\/lonas-y-banderolas-publicitarias.jpg 1200w\" sizes=\"(max-width: 300px) 100vw, 300px\" \/><\/a>\n\t\t\t<\/div>\n\t\t\t\t<figcaption class='wp-caption-text gallery-caption' id='gallery-1-1764'>\n\t\t\t\tLonas para publicidad\n\t\t\t\t<\/figcaption><\/figure>\n\t\t<\/div>\n\t\t<\/div>\n\t\t\t\t<\/div>\n\t\t\t\t<\/div>\n\t\t\t\t\t\t<\/div>\n\t\t\t\t\t<\/div>\n\t\t<\/div>\n\t\t\t\t\t\t\t\t<\/div>\n\t\t\t\t\t<\/div>\n\t\t<\/section>\n\t\t\t\t\t\t\t\t\t<\/div>\n\t\t\t<\/div>\n\t\t\t\t\t<\/div>\n\t\t","protected":false},"excerpt":{"rendered":"<p>Impresi\u00f3n de lonas publicitarias Fabricamos lonas publicitarias en PVC, lona perforada o textil, ideal para publicidad de gran formato tanto en interior como en exterior. Impresi\u00f3n de lonas en gran formato Lonas publicitarias Lona publicitaria en PVC Lonas para publicidad<\/p>\n","protected":false},"author":1,"featured_media":0,"parent":591,"menu_order":0,"comment_status":"closed","ping_status":"closed","template":"","meta":{"footnotes":""},"class_list":["post-614","page","type-page","status-publish","hentry"],"acf":[],"yoast_head":"<!-- This site is optimized with the Yoast SEO plugin v20.3 - https:\/\/yoast.com\/wordpress\/plugins\/seo\/ -->\n<title>Lonas publicitarias y banderolas - Crimar Retolaci\u00f3 Terrassa<\/title>\n<meta name=\"description\" content=\"Impressi\u00f3n de lonas publicitarias econ\u00f3micas en gran formato en Terrassa. Lonas personalizadas impresas en PVC con la mejor calidad precio.\" \/>\n<meta name=\"robots\" content=\"index, follow, max-snippet:-1, max-image-preview:large, max-video-preview:-1\" \/>\n<link rel=\"canonical\" href=\"https:\/\/crimar.net\/es\/servicios\/rotulacion\/lonas-publicitarias-banderolas\/\" \/>\n<meta property=\"og:locale\" content=\"es_ES\" \/>\n<meta property=\"og:type\" content=\"article\" \/>\n<meta property=\"og:title\" content=\"Lonas publicitarias y banderolas - Crimar Retolaci\u00f3 Terrassa\" \/>\n<meta property=\"og:description\" content=\"Impressi\u00f3n de lonas publicitarias econ\u00f3micas en gran formato en Terrassa. Lonas personalizadas impresas en PVC con la mejor calidad precio.\" \/>\n<meta property=\"og:url\" content=\"https:\/\/crimar.net\/es\/servicios\/rotulacion\/lonas-publicitarias-banderolas\/\" \/>\n<meta property=\"og:site_name\" content=\"Crimar Retolaci\u00f3 Terrassa - Fabricaci\u00f3 de r\u00e8tols\" \/>\n<meta property=\"article:publisher\" content=\"https:\/\/www.facebook.com\/Retolacio\/\" \/>\n<meta property=\"article:modified_time\" content=\"2020-12-15T15:01:41+00:00\" \/>\n<meta property=\"og:image\" content=\"http:\/\/crimar.net\/wp-content\/uploads\/2019\/08\/impresion-de-lonas-en-gran-formato-300x225.jpg\" \/>\n<meta name=\"twitter:card\" content=\"summary_large_image\" \/>\n<!-- \/ Yoast SEO plugin. -->","yoast_head_json":{"title":"Lonas publicitarias y banderolas - Crimar Retolaci\u00f3 Terrassa","description":"Impressi\u00f3n de lonas publicitarias econ\u00f3micas en gran formato en Terrassa. Lonas personalizadas impresas en PVC con la mejor calidad precio.","robots":{"index":"index","follow":"follow","max-snippet":"max-snippet:-1","max-image-preview":"max-image-preview:large","max-video-preview":"max-video-preview:-1"},"canonical":"https:\/\/crimar.net\/es\/servicios\/rotulacion\/lonas-publicitarias-banderolas\/","og_locale":"es_ES","og_type":"article","og_title":"Lonas publicitarias y banderolas - Crimar Retolaci\u00f3 Terrassa","og_description":"Impressi\u00f3n de lonas publicitarias econ\u00f3micas en gran formato en Terrassa. Lonas personalizadas impresas en PVC con la mejor calidad precio.","og_url":"https:\/\/crimar.net\/es\/servicios\/rotulacion\/lonas-publicitarias-banderolas\/","og_site_name":"Crimar Retolaci\u00f3 Terrassa - Fabricaci\u00f3 de r\u00e8tols","article_publisher":"https:\/\/www.facebook.com\/Retolacio\/","article_modified_time":"2020-12-15T15:01:41+00:00","og_image":[{"url":"http:\/\/crimar.net\/wp-content\/uploads\/2019\/08\/impresion-de-lonas-en-gran-formato-300x225.jpg"}],"twitter_card":"summary_large_image","schema":{"@context":"https:\/\/schema.org","@graph":[{"@type":"WebPage","@id":"https:\/\/crimar.net\/es\/servicios\/rotulacion\/lonas-publicitarias-banderolas\/","url":"https:\/\/crimar.net\/es\/servicios\/rotulacion\/lonas-publicitarias-banderolas\/","name":"Lonas publicitarias y banderolas - Crimar Retolaci\u00f3 Terrassa","isPartOf":{"@id":"https:\/\/crimar.net\/es\/#website"},"datePublished":"2019-07-10T07:34:11+00:00","dateModified":"2020-12-15T15:01:41+00:00","description":"Impressi\u00f3n de lonas publicitarias econ\u00f3micas en gran formato en Terrassa. Lonas personalizadas impresas en PVC con la mejor calidad precio.","breadcrumb":{"@id":"https:\/\/crimar.net\/es\/servicios\/rotulacion\/lonas-publicitarias-banderolas\/#breadcrumb"},"inLanguage":"es","potentialAction":[{"@type":"ReadAction","target":["https:\/\/crimar.net\/es\/servicios\/rotulacion\/lonas-publicitarias-banderolas\/"]}]},{"@type":"BreadcrumbList","@id":"https:\/\/crimar.net\/es\/servicios\/rotulacion\/lonas-publicitarias-banderolas\/#breadcrumb","itemListElement":[{"@type":"ListItem","position":1,"name":"Inici","item":"https:\/\/crimar.net\/es\/"},{"@type":"ListItem","position":2,"name":"Servicios","item":"https:\/\/crimar.net\/es\/servicios\/"},{"@type":"ListItem","position":3,"name":"Rotulaci\u00f3n","item":"https:\/\/crimar.net\/es\/servicios\/rotulacion\/"},{"@type":"ListItem","position":4,"name":"Lonas publicitarias y banderolas"}]},{"@type":"WebSite","@id":"https:\/\/crimar.net\/es\/#website","url":"https:\/\/crimar.net\/es\/","name":"Crimar Retolaci\u00f3 Terrassa - Fabricaci\u00f3 de r\u00e8tols","description":"Tot en retolaci\u00f3, vinils i expositors.","publisher":{"@id":"https:\/\/crimar.net\/es\/#organization"},"potentialAction":[{"@type":"SearchAction","target":{"@type":"EntryPoint","urlTemplate":"https:\/\/crimar.net\/es\/?s={search_term_string}"},"query-input":"required name=search_term_string"}],"inLanguage":"es"},{"@type":"Organization","@id":"https:\/\/crimar.net\/es\/#organization","name":"Crimar Retolaci\u00f3","url":"https:\/\/crimar.net\/es\/","logo":{"@type":"ImageObject","inLanguage":"es","@id":"https:\/\/crimar.net\/es\/#\/schema\/logo\/image\/","url":"http:\/\/crimar.net\/wp-content\/uploads\/2019\/07\/logo-crimar.png","contentUrl":"http:\/\/crimar.net\/wp-content\/uploads\/2019\/07\/logo-crimar.png","width":512,"height":512,"caption":"Crimar Retolaci\u00f3"},"image":{"@id":"https:\/\/crimar.net\/es\/#\/schema\/logo\/image\/"},"sameAs":["https:\/\/www.facebook.com\/Retolacio\/","https:\/\/www.instagram.com\/crimar_retolacio\/"]}]}},"_links":{"self":[{"href":"https:\/\/crimar.net\/es\/wp-json\/wp\/v2\/pages\/614"}],"collection":[{"href":"https:\/\/crimar.net\/es\/wp-json\/wp\/v2\/pages"}],"about":[{"href":"https:\/\/crimar.net\/es\/wp-json\/wp\/v2\/types\/page"}],"author":[{"embeddable":true,"href":"https:\/\/crimar.net\/es\/wp-json\/wp\/v2\/users\/1"}],"replies":[{"embeddable":true,"href":"https:\/\/crimar.net\/es\/wp-json\/wp\/v2\/comments?post=614"}],"version-history":[{"count":3,"href":"https:\/\/crimar.net\/es\/wp-json\/wp\/v2\/pages\/614\/revisions"}],"predecessor-version":[{"id":2191,"href":"https:\/\/crimar.net\/es\/wp-json\/wp\/v2\/pages\/614\/revisions\/2191"}],"up":[{"embeddable":true,"href":"https:\/\/crimar.net\/es\/wp-json\/wp\/v2\/pages\/591"}],"wp:attachment":[{"href":"https:\/\/crimar.net\/es\/wp-json\/wp\/v2\/media?parent=614"}],"curies":[{"name":"wp","href":"https:\/\/api.w.org\/{rel}","templated":true}]}}