{"id":599,"date":"2019-07-10T09:07:52","date_gmt":"2019-07-10T07:07:52","guid":{"rendered":"http:\/\/crimar.net\/letras-corporeas\/"},"modified":"2020-11-13T12:42:31","modified_gmt":"2020-11-13T10:42:31","slug":"letras-corporeas","status":"publish","type":"page","link":"https:\/\/crimar.net\/es\/servicios\/letras-corporeas\/","title":{"rendered":"Letras Corp\u00f3reas"},"content":{"rendered":"\t\t<div data-elementor-type=\"wp-post\" data-elementor-id=\"599\" class=\"elementor elementor-599 elementor-551\">\n\t\t\t\t\t\t<div class=\"elementor-inner\">\n\t\t\t\t<div class=\"elementor-section-wrap\">\n\t\t\t\t\t\t\t\t\t<section class=\"elementor-section elementor-top-section elementor-element elementor-element-b336524 elementor-section-boxed elementor-section-height-default elementor-section-height-default\" data-id=\"b336524\" data-element_type=\"section\" data-settings=\"{&quot;jet_parallax_layout_list&quot;:[{&quot;jet_parallax_layout_image&quot;:{&quot;url&quot;:&quot;&quot;,&quot;id&quot;:&quot;&quot;,&quot;size&quot;:&quot;&quot;},&quot;_id&quot;:&quot;9336647&quot;,&quot;jet_parallax_layout_image_tablet&quot;:{&quot;url&quot;:&quot;&quot;,&quot;id&quot;:&quot;&quot;,&quot;size&quot;:&quot;&quot;},&quot;jet_parallax_layout_image_mobile&quot;:{&quot;url&quot;:&quot;&quot;,&quot;id&quot;:&quot;&quot;,&quot;size&quot;:&quot;&quot;},&quot;jet_parallax_layout_speed&quot;:{&quot;unit&quot;:&quot;%&quot;,&quot;size&quot;:50,&quot;sizes&quot;:[]},&quot;jet_parallax_layout_type&quot;:&quot;scroll&quot;,&quot;jet_parallax_layout_direction&quot;:null,&quot;jet_parallax_layout_fx_direction&quot;:null,&quot;jet_parallax_layout_z_index&quot;:&quot;&quot;,&quot;jet_parallax_layout_bg_x&quot;:50,&quot;jet_parallax_layout_bg_x_tablet&quot;:&quot;&quot;,&quot;jet_parallax_layout_bg_x_mobile&quot;:&quot;&quot;,&quot;jet_parallax_layout_bg_y&quot;:50,&quot;jet_parallax_layout_bg_y_tablet&quot;:&quot;&quot;,&quot;jet_parallax_layout_bg_y_mobile&quot;:&quot;&quot;,&quot;jet_parallax_layout_bg_size&quot;:&quot;auto&quot;,&quot;jet_parallax_layout_bg_size_tablet&quot;:&quot;&quot;,&quot;jet_parallax_layout_bg_size_mobile&quot;:&quot;&quot;,&quot;jet_parallax_layout_animation_prop&quot;:&quot;transform&quot;,&quot;jet_parallax_layout_on&quot;:[&quot;desktop&quot;,&quot;tablet&quot;]}]}\">\n\t\t\t\t\t\t<div class=\"elementor-container elementor-column-gap-default\">\n\t\t\t\t\t\t\t<div class=\"elementor-row\">\n\t\t\t\t\t<div class=\"elementor-column elementor-col-100 elementor-top-column elementor-element elementor-element-0abcbe5\" data-id=\"0abcbe5\" data-element_type=\"column\">\n\t\t\t<div class=\"elementor-column-wrap elementor-element-populated\">\n\t\t\t\t\t\t\t<div class=\"elementor-widget-wrap\">\n\t\t\t\t\t\t<div class=\"elementor-element elementor-element-877d043 elementor-widget elementor-widget-text-editor\" data-id=\"877d043\" data-element_type=\"widget\" data-widget_type=\"text-editor.default\">\n\t\t\t\t<div class=\"elementor-widget-container\">\n\t\t\t\t\t\t\t\t<div class=\"elementor-text-editor elementor-clearfix\">\n\t\t\t\t<p>Las <strong>letras corp\u00f3reas<\/strong> son un estilo de rotulaci\u00f3n muy vers\u00e1til, tanto para interiores como para exteriores, fabricadas en diferentes materiales con o sin iluminaci\u00f3n. Producimos sistemas de comunicaci\u00f3n visual para marcas y franquicias de grandes dimensiones, dise\u00f1ando y fabricando cualquier tipo de apoyo necesario.<br \/>\nEs sin duda una de las opciones que mejor se adapta a la hora de <strong>rotular empresas y negocios<\/strong>.<\/p>\n\t\t\t\t\t<\/div>\n\t\t\t\t\t\t<\/div>\n\t\t\t\t<\/div>\n\t\t\t\t<div class=\"elementor-element elementor-element-415d6bf elementor-widget elementor-widget-heading\" data-id=\"415d6bf\" data-element_type=\"widget\" data-widget_type=\"heading.default\">\n\t\t\t\t<div class=\"elementor-widget-container\">\n\t\t\t<h2 class=\"elementor-heading-title elementor-size-default\">Letras corp\u00f3reas<\/h2>\t\t<\/div>\n\t\t\t\t<\/div>\n\t\t\t\t<div class=\"elementor-element elementor-element-8ba2919 elementor-widget elementor-widget-text-editor\" data-id=\"8ba2919\" data-element_type=\"widget\" data-widget_type=\"text-editor.default\">\n\t\t\t\t<div class=\"elementor-widget-container\">\n\t\t\t\t\t\t\t\t<div class=\"elementor-text-editor elementor-clearfix\">\n\t\t\t\t<p>Fabricamos todo tipo de letras corp\u00f3reas a medida con diferentes materiales para interior y exterior. Este tipo de rotulaci\u00f3n aporta un resultado profesional y elegante que destaca la <strong>imagen corporativa<\/strong> del negocio o empresa ante un r\u00f3tulo tradicional.<br \/>\nUno de los factores a destacar de este tipo de rotulaci\u00f3n, es la versatilidad en la colocaci\u00f3n y la iluminaci\u00f3n LED que es m\u00e1s eficiente energ\u00e9ticamente, y requiere menos mantenimiento.<\/p>\n\t\t\t\t\t<\/div>\n\t\t\t\t\t\t<\/div>\n\t\t\t\t<\/div>\n\t\t\t\t<div class=\"elementor-element elementor-element-630c164 gallery-spacing-custom elementor-widget elementor-widget-image-gallery\" data-id=\"630c164\" data-element_type=\"widget\" data-widget_type=\"image-gallery.default\">\n\t\t\t\t<div class=\"elementor-widget-container\">\n\t\t\t\t\t<div class=\"elementor-image-gallery\">\n\t\t\t<div id='gallery-1' class='gallery galleryid-599 gallery-columns-4 gallery-size-medium'><figure class='gallery-item'>\n\t\t\t<div class='gallery-icon landscape'>\n\t\t\t\t<a data-elementor-open-lightbox=\"yes\" data-elementor-lightbox-slideshow=\"630c164\" data-elementor-lightbox-title=\"rotulo logo negocio\" data-e-action-hash=\"#elementor-action%3Aaction%3Dlightbox%26settings%3DeyJpZCI6MTYzNCwidXJsIjoiaHR0cHM6XC9cL2NyaW1hci5uZXRcL3dwLWNvbnRlbnRcL3VwbG9hZHNcLzIwMTlcLzA5XC9yb3R1bG8tbG9nby1uZWdvY2lvLmpwZyIsInNsaWRlc2hvdyI6IjYzMGMxNjQifQ%3D%3D\" href='https:\/\/crimar.net\/wp-content\/uploads\/2019\/09\/rotulo-logo-negocio.jpg'><img loading=\"lazy\" decoding=\"async\" width=\"300\" height=\"225\" src=\"https:\/\/crimar.net\/wp-content\/uploads\/2019\/09\/rotulo-logo-negocio-300x225.jpg\" class=\"attachment-medium size-medium\" alt=\"letras corp\u00f3reas rotulo\" srcset=\"https:\/\/crimar.net\/wp-content\/uploads\/2019\/09\/rotulo-logo-negocio-300x225.jpg 300w, https:\/\/crimar.net\/wp-content\/uploads\/2019\/09\/rotulo-logo-negocio-768x576.jpg 768w, https:\/\/crimar.net\/wp-content\/uploads\/2019\/09\/rotulo-logo-negocio-1024x768.jpg 1024w, https:\/\/crimar.net\/wp-content\/uploads\/2019\/09\/rotulo-logo-negocio.jpg 1200w\" sizes=\"(max-width: 300px) 100vw, 300px\" \/><\/a>\n\t\t\t<\/div><\/figure><figure class='gallery-item'>\n\t\t\t<div class='gallery-icon landscape'>\n\t\t\t\t<a data-elementor-open-lightbox=\"yes\" data-elementor-lightbox-slideshow=\"630c164\" data-elementor-lightbox-title=\"rotulacion letras empresa\" data-e-action-hash=\"#elementor-action%3Aaction%3Dlightbox%26settings%3DeyJpZCI6NzkzLCJ1cmwiOiJodHRwczpcL1wvY3JpbWFyLm5ldFwvd3AtY29udGVudFwvdXBsb2Fkc1wvMjAxOVwvMDdcL3JvdHVsYWNpb24tbGV0cmFzLWVtcHJlc2EuanBnIiwic2xpZGVzaG93IjoiNjMwYzE2NCJ9\" href='https:\/\/crimar.net\/wp-content\/uploads\/2019\/07\/rotulacion-letras-empresa.jpg'><img loading=\"lazy\" decoding=\"async\" width=\"300\" height=\"225\" src=\"https:\/\/crimar.net\/wp-content\/uploads\/2019\/07\/rotulacion-letras-empresa-300x225.jpg\" class=\"attachment-medium size-medium\" alt=\"Rotulaci\u00f3n letras corp\u00f3reas empresa\" srcset=\"https:\/\/crimar.net\/wp-content\/uploads\/2019\/07\/rotulacion-letras-empresa-300x225.jpg 300w, https:\/\/crimar.net\/wp-content\/uploads\/2019\/07\/rotulacion-letras-empresa-768x576.jpg 768w, https:\/\/crimar.net\/wp-content\/uploads\/2019\/07\/rotulacion-letras-empresa-1024x768.jpg 1024w, https:\/\/crimar.net\/wp-content\/uploads\/2019\/07\/rotulacion-letras-empresa.jpg 1200w\" sizes=\"(max-width: 300px) 100vw, 300px\" \/><\/a>\n\t\t\t<\/div><\/figure><figure class='gallery-item'>\n\t\t\t<div class='gallery-icon landscape'>\n\t\t\t\t<a data-elementor-open-lightbox=\"yes\" data-elementor-lightbox-slideshow=\"630c164\" data-elementor-lightbox-title=\"rotulo luminoso negocio\" data-e-action-hash=\"#elementor-action%3Aaction%3Dlightbox%26settings%3DeyJpZCI6NzkxLCJ1cmwiOiJodHRwczpcL1wvY3JpbWFyLm5ldFwvd3AtY29udGVudFwvdXBsb2Fkc1wvMjAxOVwvMDdcL3JvdHVsby1sdW1pbm9zby1uZWdvY2lvLmpwZyIsInNsaWRlc2hvdyI6IjYzMGMxNjQifQ%3D%3D\" href='https:\/\/crimar.net\/wp-content\/uploads\/2019\/07\/rotulo-luminoso-negocio.jpg'><img loading=\"lazy\" decoding=\"async\" width=\"300\" height=\"225\" src=\"https:\/\/crimar.net\/wp-content\/uploads\/2019\/07\/rotulo-luminoso-negocio-300x225.jpg\" class=\"attachment-medium size-medium\" alt=\"R\u00f3tulo luminoso para negocio\" srcset=\"https:\/\/crimar.net\/wp-content\/uploads\/2019\/07\/rotulo-luminoso-negocio-300x225.jpg 300w, https:\/\/crimar.net\/wp-content\/uploads\/2019\/07\/rotulo-luminoso-negocio-768x576.jpg 768w, https:\/\/crimar.net\/wp-content\/uploads\/2019\/07\/rotulo-luminoso-negocio-1024x768.jpg 1024w, https:\/\/crimar.net\/wp-content\/uploads\/2019\/07\/rotulo-luminoso-negocio.jpg 1200w\" sizes=\"(max-width: 300px) 100vw, 300px\" \/><\/a>\n\t\t\t<\/div><\/figure><figure class='gallery-item'>\n\t\t\t<div class='gallery-icon landscape'>\n\t\t\t\t<a data-elementor-open-lightbox=\"yes\" data-elementor-lightbox-slideshow=\"630c164\" data-elementor-lightbox-title=\"rotulo letras corporias\" data-e-action-hash=\"#elementor-action%3Aaction%3Dlightbox%26settings%3DeyJpZCI6Nzg5LCJ1cmwiOiJodHRwczpcL1wvY3JpbWFyLm5ldFwvd3AtY29udGVudFwvdXBsb2Fkc1wvMjAxOVwvMDdcL3JvdHVsby1sZXRyYXMtY29ycG9yaWFzLmpwZyIsInNsaWRlc2hvdyI6IjYzMGMxNjQifQ%3D%3D\" href='https:\/\/crimar.net\/wp-content\/uploads\/2019\/07\/rotulo-letras-corporias.jpg'><img loading=\"lazy\" decoding=\"async\" width=\"300\" height=\"225\" src=\"https:\/\/crimar.net\/wp-content\/uploads\/2019\/07\/rotulo-letras-corporias-300x225.jpg\" class=\"attachment-medium size-medium\" alt=\"R\u00f3tulo con letras corp\u00f3reas\" srcset=\"https:\/\/crimar.net\/wp-content\/uploads\/2019\/07\/rotulo-letras-corporias-300x225.jpg 300w, https:\/\/crimar.net\/wp-content\/uploads\/2019\/07\/rotulo-letras-corporias-768x576.jpg 768w, https:\/\/crimar.net\/wp-content\/uploads\/2019\/07\/rotulo-letras-corporias-1024x768.jpg 1024w, https:\/\/crimar.net\/wp-content\/uploads\/2019\/07\/rotulo-letras-corporias.jpg 1200w\" sizes=\"(max-width: 300px) 100vw, 300px\" \/><\/a>\n\t\t\t<\/div><\/figure>\n\t\t<\/div>\n\t\t<\/div>\n\t\t\t\t<\/div>\n\t\t\t\t<\/div>\n\t\t\t\t\t\t<\/div>\n\t\t\t\t\t<\/div>\n\t\t<\/div>\n\t\t\t\t\t\t\t\t<\/div>\n\t\t\t\t\t<\/div>\n\t\t<\/section>\n\t\t\t\t<section class=\"elementor-section elementor-top-section elementor-element elementor-element-bc97639 elementor-section-boxed elementor-section-height-default elementor-section-height-default\" data-id=\"bc97639\" data-element_type=\"section\" data-settings=\"{&quot;jet_parallax_layout_list&quot;:[{&quot;jet_parallax_layout_image&quot;:{&quot;url&quot;:&quot;&quot;,&quot;id&quot;:&quot;&quot;,&quot;size&quot;:&quot;&quot;},&quot;_id&quot;:&quot;8e924f7&quot;,&quot;jet_parallax_layout_image_tablet&quot;:{&quot;url&quot;:&quot;&quot;,&quot;id&quot;:&quot;&quot;,&quot;size&quot;:&quot;&quot;},&quot;jet_parallax_layout_image_mobile&quot;:{&quot;url&quot;:&quot;&quot;,&quot;id&quot;:&quot;&quot;,&quot;size&quot;:&quot;&quot;},&quot;jet_parallax_layout_speed&quot;:{&quot;unit&quot;:&quot;%&quot;,&quot;size&quot;:50,&quot;sizes&quot;:[]},&quot;jet_parallax_layout_type&quot;:&quot;scroll&quot;,&quot;jet_parallax_layout_direction&quot;:null,&quot;jet_parallax_layout_fx_direction&quot;:null,&quot;jet_parallax_layout_z_index&quot;:&quot;&quot;,&quot;jet_parallax_layout_bg_x&quot;:50,&quot;jet_parallax_layout_bg_x_tablet&quot;:&quot;&quot;,&quot;jet_parallax_layout_bg_x_mobile&quot;:&quot;&quot;,&quot;jet_parallax_layout_bg_y&quot;:50,&quot;jet_parallax_layout_bg_y_tablet&quot;:&quot;&quot;,&quot;jet_parallax_layout_bg_y_mobile&quot;:&quot;&quot;,&quot;jet_parallax_layout_bg_size&quot;:&quot;auto&quot;,&quot;jet_parallax_layout_bg_size_tablet&quot;:&quot;&quot;,&quot;jet_parallax_layout_bg_size_mobile&quot;:&quot;&quot;,&quot;jet_parallax_layout_animation_prop&quot;:&quot;transform&quot;,&quot;jet_parallax_layout_on&quot;:[&quot;desktop&quot;,&quot;tablet&quot;]}]}\">\n\t\t\t\t\t\t<div class=\"elementor-container elementor-column-gap-default\">\n\t\t\t\t\t\t\t<div class=\"elementor-row\">\n\t\t\t\t\t<div class=\"elementor-column elementor-col-100 elementor-top-column elementor-element elementor-element-aa82a8d\" data-id=\"aa82a8d\" data-element_type=\"column\">\n\t\t\t<div class=\"elementor-column-wrap elementor-element-populated\">\n\t\t\t\t\t\t\t<div class=\"elementor-widget-wrap\">\n\t\t\t\t\t\t<div class=\"elementor-element elementor-element-25be7ad elementor-widget elementor-widget-heading\" data-id=\"25be7ad\" data-element_type=\"widget\" data-widget_type=\"heading.default\">\n\t\t\t\t<div class=\"elementor-widget-container\">\n\t\t\t<h2 class=\"elementor-heading-title elementor-size-default\">R\u00f3tulos de letras fresadas<\/h2>\t\t<\/div>\n\t\t\t\t<\/div>\n\t\t\t\t<div class=\"elementor-element elementor-element-11261f0 elementor-widget elementor-widget-text-editor\" data-id=\"11261f0\" data-element_type=\"widget\" data-widget_type=\"text-editor.default\">\n\t\t\t\t<div class=\"elementor-widget-container\">\n\t\t\t\t\t\t\t\t<div class=\"elementor-text-editor elementor-clearfix\">\n\t\t\t\t<p>El fresado de letras da sensaci\u00f3n 3D a tu r\u00f3tulo que destaca por encima de otro tipo de rotulaci\u00f3n. Existen 2 tipos de <strong>letras fresadas<\/strong>, los recortes que se fabrican a partir de un material macizo y las vac\u00edas que se fabrican creando el contorno con chapa de diferentes materiales como el aluminio o el acero.<\/p>\n\t\t\t\t\t<\/div>\n\t\t\t\t\t\t<\/div>\n\t\t\t\t<\/div>\n\t\t\t\t<div class=\"elementor-element elementor-element-268713f elementor-widget elementor-widget-heading\" data-id=\"268713f\" data-element_type=\"widget\" data-widget_type=\"heading.default\">\n\t\t\t\t<div class=\"elementor-widget-container\">\n\t\t\t<h3 class=\"elementor-heading-title elementor-size-default\">Materiales<\/h3>\t\t<\/div>\n\t\t\t\t<\/div>\n\t\t\t\t<div class=\"elementor-element elementor-element-2531a1c elementor-icon-list--layout-inline elementor-align-left elementor-list-item-link-full_width elementor-widget elementor-widget-icon-list\" data-id=\"2531a1c\" data-element_type=\"widget\" data-widget_type=\"icon-list.default\">\n\t\t\t\t<div class=\"elementor-widget-container\">\n\t\t\t\t\t<ul class=\"elementor-icon-list-items elementor-inline-items\">\n\t\t\t\t\t\t\t<li class=\"elementor-icon-list-item elementor-inline-item\">\n\t\t\t\t\t\t\t\t\t\t\t<span class=\"elementor-icon-list-icon\">\n\t\t\t\t\t\t\t<i aria-hidden=\"true\" class=\"fas fa-check\"><\/i>\t\t\t\t\t\t<\/span>\n\t\t\t\t\t\t\t\t\t\t<span class=\"elementor-icon-list-text\">Metacrilato<\/span>\n\t\t\t\t\t\t\t\t\t<\/li>\n\t\t\t\t\t\t\t\t<li class=\"elementor-icon-list-item elementor-inline-item\">\n\t\t\t\t\t\t\t\t\t\t\t<span class=\"elementor-icon-list-icon\">\n\t\t\t\t\t\t\t<i aria-hidden=\"true\" class=\"fas fa-check\"><\/i>\t\t\t\t\t\t<\/span>\n\t\t\t\t\t\t\t\t\t\t<span class=\"elementor-icon-list-text\">Hierro<\/span>\n\t\t\t\t\t\t\t\t\t<\/li>\n\t\t\t\t\t\t\t\t<li class=\"elementor-icon-list-item elementor-inline-item\">\n\t\t\t\t\t\t\t\t\t\t\t<span class=\"elementor-icon-list-icon\">\n\t\t\t\t\t\t\t<i aria-hidden=\"true\" class=\"fas fa-check\"><\/i>\t\t\t\t\t\t<\/span>\n\t\t\t\t\t\t\t\t\t\t<span class=\"elementor-icon-list-text\">Madera<\/span>\n\t\t\t\t\t\t\t\t\t<\/li>\n\t\t\t\t\t\t\t\t<li class=\"elementor-icon-list-item elementor-inline-item\">\n\t\t\t\t\t\t\t\t\t\t\t<span class=\"elementor-icon-list-icon\">\n\t\t\t\t\t\t\t<i aria-hidden=\"true\" class=\"fas fa-check\"><\/i>\t\t\t\t\t\t<\/span>\n\t\t\t\t\t\t\t\t\t\t<span class=\"elementor-icon-list-text\">PVC<\/span>\n\t\t\t\t\t\t\t\t\t<\/li>\n\t\t\t\t\t\t\t\t<li class=\"elementor-icon-list-item elementor-inline-item\">\n\t\t\t\t\t\t\t\t\t\t\t<span class=\"elementor-icon-list-icon\">\n\t\t\t\t\t\t\t<i aria-hidden=\"true\" class=\"fas fa-check\"><\/i>\t\t\t\t\t\t<\/span>\n\t\t\t\t\t\t\t\t\t\t<span class=\"elementor-icon-list-text\">Acero Inoxidable<\/span>\n\t\t\t\t\t\t\t\t\t<\/li>\n\t\t\t\t\t\t<\/ul>\n\t\t\t\t<\/div>\n\t\t\t\t<\/div>\n\t\t\t\t\t\t<\/div>\n\t\t\t\t\t<\/div>\n\t\t<\/div>\n\t\t\t\t\t\t\t\t<\/div>\n\t\t\t\t\t<\/div>\n\t\t<\/section>\n\t\t\t\t\t\t\t\t\t<\/div>\n\t\t\t<\/div>\n\t\t\t\t\t<\/div>\n\t\t","protected":false},"excerpt":{"rendered":"<p>Las letras corp\u00f3reas son un estilo de rotulaci\u00f3n muy vers\u00e1til, tanto para interiores como para exteriores, fabricadas en diferentes materiales con o sin iluminaci\u00f3n. Producimos sistemas de comunicaci\u00f3n visual para marcas y franquicias de grandes dimensiones, dise\u00f1ando y fabricando cualquier tipo de apoyo necesario. Es sin duda una de las opciones que mejor se adapta [&hellip;]<\/p>\n","protected":false},"author":1,"featured_media":0,"parent":724,"menu_order":0,"comment_status":"closed","ping_status":"closed","template":"","meta":{"footnotes":""},"class_list":["post-599","page","type-page","status-publish","hentry"],"acf":[],"yoast_head":"<!-- This site is optimized with the Yoast SEO plugin v20.3 - https:\/\/yoast.com\/wordpress\/plugins\/seo\/ -->\n<title>Letras Corp\u00f3reas - Crimar Retolaci\u00f3 Terrassa - Fabricaci\u00f3 de r\u00e8tols<\/title>\n<meta name=\"description\" content=\"Fabricamos y instalamos todo tipo de r\u00f3tulos con letras corp\u00f3reas, con o sin iluminaci\u00f3n, interiores o exteriores y en diferentes materiales.\" \/>\n<meta name=\"robots\" content=\"index, follow, max-snippet:-1, max-image-preview:large, max-video-preview:-1\" \/>\n<link rel=\"canonical\" href=\"https:\/\/crimar.net\/es\/servicios\/letras-corporeas\/\" \/>\n<meta property=\"og:locale\" content=\"es_ES\" \/>\n<meta property=\"og:type\" content=\"article\" \/>\n<meta property=\"og:title\" content=\"Letras Corp\u00f3reas - Crimar Retolaci\u00f3 Terrassa - Fabricaci\u00f3 de r\u00e8tols\" \/>\n<meta property=\"og:description\" content=\"Fabricamos y instalamos todo tipo de r\u00f3tulos con letras corp\u00f3reas, con o sin iluminaci\u00f3n, interiores o exteriores y en diferentes materiales.\" \/>\n<meta property=\"og:url\" content=\"https:\/\/crimar.net\/es\/servicios\/letras-corporeas\/\" \/>\n<meta property=\"og:site_name\" content=\"Crimar Retolaci\u00f3 Terrassa - Fabricaci\u00f3 de r\u00e8tols\" \/>\n<meta property=\"article:publisher\" content=\"https:\/\/www.facebook.com\/Retolacio\/\" \/>\n<meta property=\"article:modified_time\" content=\"2020-11-13T10:42:31+00:00\" \/>\n<meta property=\"og:image\" content=\"http:\/\/crimar.net\/wp-content\/uploads\/2019\/09\/rotulo-logo-negocio-300x225.jpg\" \/>\n<meta name=\"twitter:card\" content=\"summary_large_image\" \/>\n<meta name=\"twitter:label1\" content=\"Tiempo de lectura\" \/>\n\t<meta name=\"twitter:data1\" content=\"2 minutos\" \/>\n<!-- \/ Yoast SEO plugin. -->","yoast_head_json":{"title":"Letras Corp\u00f3reas - Crimar Retolaci\u00f3 Terrassa - Fabricaci\u00f3 de r\u00e8tols","description":"Fabricamos y instalamos todo tipo de r\u00f3tulos con letras corp\u00f3reas, con o sin iluminaci\u00f3n, interiores o exteriores y en diferentes materiales.","robots":{"index":"index","follow":"follow","max-snippet":"max-snippet:-1","max-image-preview":"max-image-preview:large","max-video-preview":"max-video-preview:-1"},"canonical":"https:\/\/crimar.net\/es\/servicios\/letras-corporeas\/","og_locale":"es_ES","og_type":"article","og_title":"Letras Corp\u00f3reas - Crimar Retolaci\u00f3 Terrassa - Fabricaci\u00f3 de r\u00e8tols","og_description":"Fabricamos y instalamos todo tipo de r\u00f3tulos con letras corp\u00f3reas, con o sin iluminaci\u00f3n, interiores o exteriores y en diferentes materiales.","og_url":"https:\/\/crimar.net\/es\/servicios\/letras-corporeas\/","og_site_name":"Crimar Retolaci\u00f3 Terrassa - Fabricaci\u00f3 de r\u00e8tols","article_publisher":"https:\/\/www.facebook.com\/Retolacio\/","article_modified_time":"2020-11-13T10:42:31+00:00","og_image":[{"url":"http:\/\/crimar.net\/wp-content\/uploads\/2019\/09\/rotulo-logo-negocio-300x225.jpg"}],"twitter_card":"summary_large_image","twitter_misc":{"Tiempo de lectura":"2 minutos"},"schema":{"@context":"https:\/\/schema.org","@graph":[{"@type":"WebPage","@id":"https:\/\/crimar.net\/es\/servicios\/letras-corporeas\/","url":"https:\/\/crimar.net\/es\/servicios\/letras-corporeas\/","name":"Letras Corp\u00f3reas - Crimar Retolaci\u00f3 Terrassa - Fabricaci\u00f3 de r\u00e8tols","isPartOf":{"@id":"https:\/\/crimar.net\/es\/#website"},"datePublished":"2019-07-10T07:07:52+00:00","dateModified":"2020-11-13T10:42:31+00:00","description":"Fabricamos y instalamos todo tipo de r\u00f3tulos con letras corp\u00f3reas, con o sin iluminaci\u00f3n, interiores o exteriores y en diferentes materiales.","breadcrumb":{"@id":"https:\/\/crimar.net\/es\/servicios\/letras-corporeas\/#breadcrumb"},"inLanguage":"es","potentialAction":[{"@type":"ReadAction","target":["https:\/\/crimar.net\/es\/servicios\/letras-corporeas\/"]}]},{"@type":"BreadcrumbList","@id":"https:\/\/crimar.net\/es\/servicios\/letras-corporeas\/#breadcrumb","itemListElement":[{"@type":"ListItem","position":1,"name":"Inici","item":"https:\/\/crimar.net\/es\/"},{"@type":"ListItem","position":2,"name":"Servicios","item":"https:\/\/crimar.net\/es\/servicios\/"},{"@type":"ListItem","position":3,"name":"Letras Corp\u00f3reas"}]},{"@type":"WebSite","@id":"https:\/\/crimar.net\/es\/#website","url":"https:\/\/crimar.net\/es\/","name":"Crimar Retolaci\u00f3 Terrassa - Fabricaci\u00f3 de r\u00e8tols","description":"Tot en retolaci\u00f3, vinils i expositors.","publisher":{"@id":"https:\/\/crimar.net\/es\/#organization"},"potentialAction":[{"@type":"SearchAction","target":{"@type":"EntryPoint","urlTemplate":"https:\/\/crimar.net\/es\/?s={search_term_string}"},"query-input":"required name=search_term_string"}],"inLanguage":"es"},{"@type":"Organization","@id":"https:\/\/crimar.net\/es\/#organization","name":"Crimar Retolaci\u00f3","url":"https:\/\/crimar.net\/es\/","logo":{"@type":"ImageObject","inLanguage":"es","@id":"https:\/\/crimar.net\/es\/#\/schema\/logo\/image\/","url":"http:\/\/crimar.net\/wp-content\/uploads\/2019\/07\/logo-crimar.png","contentUrl":"http:\/\/crimar.net\/wp-content\/uploads\/2019\/07\/logo-crimar.png","width":512,"height":512,"caption":"Crimar Retolaci\u00f3"},"image":{"@id":"https:\/\/crimar.net\/es\/#\/schema\/logo\/image\/"},"sameAs":["https:\/\/www.facebook.com\/Retolacio\/","https:\/\/www.instagram.com\/crimar_retolacio\/"]}]}},"_links":{"self":[{"href":"https:\/\/crimar.net\/es\/wp-json\/wp\/v2\/pages\/599"}],"collection":[{"href":"https:\/\/crimar.net\/es\/wp-json\/wp\/v2\/pages"}],"about":[{"href":"https:\/\/crimar.net\/es\/wp-json\/wp\/v2\/types\/page"}],"author":[{"embeddable":true,"href":"https:\/\/crimar.net\/es\/wp-json\/wp\/v2\/users\/1"}],"replies":[{"embeddable":true,"href":"https:\/\/crimar.net\/es\/wp-json\/wp\/v2\/comments?post=599"}],"version-history":[{"count":3,"href":"https:\/\/crimar.net\/es\/wp-json\/wp\/v2\/pages\/599\/revisions"}],"predecessor-version":[{"id":2083,"href":"https:\/\/crimar.net\/es\/wp-json\/wp\/v2\/pages\/599\/revisions\/2083"}],"up":[{"embeddable":true,"href":"https:\/\/crimar.net\/es\/wp-json\/wp\/v2\/pages\/724"}],"wp:attachment":[{"href":"https:\/\/crimar.net\/es\/wp-json\/wp\/v2\/media?parent=599"}],"curies":[{"name":"wp","href":"https:\/\/api.w.org\/{rel}","templated":true}]}}