{"id":598,"date":"2019-07-10T09:05:57","date_gmt":"2019-07-10T07:05:57","guid":{"rendered":"http:\/\/crimar.net\/expositores\/roll-up-publicitario\/"},"modified":"2019-09-26T09:51:39","modified_gmt":"2019-09-26T07:51:39","slug":"expositores-rollup-publicitario","status":"publish","type":"page","link":"https:\/\/crimar.net\/es\/servicios\/expositores-rollup-publicitario\/","title":{"rendered":"Expositores y Roll up Publicitario"},"content":{"rendered":"\t\t<div data-elementor-type=\"wp-post\" data-elementor-id=\"598\" class=\"elementor elementor-598 elementor-557\">\n\t\t\t\t\t\t<div class=\"elementor-inner\">\n\t\t\t\t<div class=\"elementor-section-wrap\">\n\t\t\t\t\t\t\t\t\t<section class=\"elementor-section elementor-top-section elementor-element elementor-element-4bdda9a elementor-section-boxed elementor-section-height-default elementor-section-height-default\" data-id=\"4bdda9a\" data-element_type=\"section\" data-settings=\"{&quot;jet_parallax_layout_list&quot;:[{&quot;jet_parallax_layout_image&quot;:{&quot;url&quot;:&quot;&quot;,&quot;id&quot;:&quot;&quot;,&quot;size&quot;:&quot;&quot;},&quot;_id&quot;:&quot;f696812&quot;,&quot;jet_parallax_layout_image_tablet&quot;:{&quot;url&quot;:&quot;&quot;,&quot;id&quot;:&quot;&quot;,&quot;size&quot;:&quot;&quot;},&quot;jet_parallax_layout_image_mobile&quot;:{&quot;url&quot;:&quot;&quot;,&quot;id&quot;:&quot;&quot;,&quot;size&quot;:&quot;&quot;},&quot;jet_parallax_layout_speed&quot;:{&quot;unit&quot;:&quot;%&quot;,&quot;size&quot;:50,&quot;sizes&quot;:[]},&quot;jet_parallax_layout_type&quot;:&quot;scroll&quot;,&quot;jet_parallax_layout_z_index&quot;:&quot;&quot;,&quot;jet_parallax_layout_bg_x&quot;:50,&quot;jet_parallax_layout_bg_y&quot;:50,&quot;jet_parallax_layout_bg_size&quot;:&quot;auto&quot;,&quot;jet_parallax_layout_animation_prop&quot;:&quot;transform&quot;,&quot;jet_parallax_layout_on&quot;:[&quot;desktop&quot;,&quot;tablet&quot;],&quot;jet_parallax_layout_direction&quot;:null,&quot;jet_parallax_layout_fx_direction&quot;:null,&quot;jet_parallax_layout_bg_x_tablet&quot;:&quot;&quot;,&quot;jet_parallax_layout_bg_x_mobile&quot;:&quot;&quot;,&quot;jet_parallax_layout_bg_y_tablet&quot;:&quot;&quot;,&quot;jet_parallax_layout_bg_y_mobile&quot;:&quot;&quot;,&quot;jet_parallax_layout_bg_size_tablet&quot;:&quot;&quot;,&quot;jet_parallax_layout_bg_size_mobile&quot;:&quot;&quot;}]}\">\n\t\t\t\t\t\t<div class=\"elementor-container elementor-column-gap-default\">\n\t\t\t\t\t\t\t<div class=\"elementor-row\">\n\t\t\t\t\t<div class=\"elementor-column elementor-col-50 elementor-top-column elementor-element elementor-element-b3a2fa8\" data-id=\"b3a2fa8\" data-element_type=\"column\">\n\t\t\t<div class=\"elementor-column-wrap elementor-element-populated\">\n\t\t\t\t\t\t\t<div class=\"elementor-widget-wrap\">\n\t\t\t\t\t\t<div class=\"elementor-element elementor-element-f789710 elementor-widget elementor-widget-image\" data-id=\"f789710\" data-element_type=\"widget\" data-widget_type=\"image.default\">\n\t\t\t\t<div class=\"elementor-widget-container\">\n\t\t\t\t\t\t\t\t<div class=\"elementor-image\">\n\t\t\t\t\t\t\t\t\t\t\t\t<img loading=\"lazy\" decoding=\"async\" width=\"1024\" height=\"768\" src=\"https:\/\/crimar.net\/wp-content\/uploads\/2019\/09\/aparadors-fires-1024x768.jpg\" class=\"attachment-large size-large wp-image-1668\" alt=\"aparador per fires\" srcset=\"https:\/\/crimar.net\/wp-content\/uploads\/2019\/09\/aparadors-fires-1024x768.jpg 1024w, https:\/\/crimar.net\/wp-content\/uploads\/2019\/09\/aparadors-fires-300x225.jpg 300w, https:\/\/crimar.net\/wp-content\/uploads\/2019\/09\/aparadors-fires-768x576.jpg 768w, https:\/\/crimar.net\/wp-content\/uploads\/2019\/09\/aparadors-fires.jpg 1200w\" sizes=\"(max-width: 1024px) 100vw, 1024px\" \/>\t\t\t\t\t\t\t\t\t\t\t\t\t\t<\/div>\n\t\t\t\t\t\t<\/div>\n\t\t\t\t<\/div>\n\t\t\t\t\t\t<\/div>\n\t\t\t\t\t<\/div>\n\t\t<\/div>\n\t\t\t\t<div class=\"elementor-column elementor-col-50 elementor-top-column elementor-element elementor-element-2e66f4f\" data-id=\"2e66f4f\" data-element_type=\"column\">\n\t\t\t<div class=\"elementor-column-wrap elementor-element-populated\">\n\t\t\t\t\t\t\t<div class=\"elementor-widget-wrap\">\n\t\t\t\t\t\t<div class=\"elementor-element elementor-element-5bc6ff0 elementor-widget elementor-widget-heading\" data-id=\"5bc6ff0\" data-element_type=\"widget\" data-widget_type=\"heading.default\">\n\t\t\t\t<div class=\"elementor-widget-container\">\n\t\t\t<h2 class=\"elementor-heading-title elementor-size-default\">Expositores<\/h2>\t\t<\/div>\n\t\t\t\t<\/div>\n\t\t\t\t<div class=\"elementor-element elementor-element-2f33e52 elementor-widget elementor-widget-text-editor\" data-id=\"2f33e52\" data-element_type=\"widget\" data-widget_type=\"text-editor.default\">\n\t\t\t\t<div class=\"elementor-widget-container\">\n\t\t\t\t\t\t\t\t<div class=\"elementor-text-editor elementor-clearfix\">\n\t\t\t\t<p>Los expositores son un recurso efectivo para destacar un servicio o producto ante una fuerte competencia ayudando a los clientes a decidirse por nuestra opci\u00f3n.<br \/>\nDise\u00f1amos, fabricamos e instalamos todo tipo de expositores a medida realizados en diferentes materiales.<\/p>\n\t\t\t\t\t<\/div>\n\t\t\t\t\t\t<\/div>\n\t\t\t\t<\/div>\n\t\t\t\t\t\t<\/div>\n\t\t\t\t\t<\/div>\n\t\t<\/div>\n\t\t\t\t\t\t\t\t<\/div>\n\t\t\t\t\t<\/div>\n\t\t<\/section>\n\t\t\t\t<section class=\"elementor-section elementor-top-section elementor-element elementor-element-3744c49 elementor-section-boxed elementor-section-height-default elementor-section-height-default\" data-id=\"3744c49\" data-element_type=\"section\" data-settings=\"{&quot;jet_parallax_layout_list&quot;:[{&quot;jet_parallax_layout_image&quot;:{&quot;url&quot;:&quot;&quot;,&quot;id&quot;:&quot;&quot;,&quot;size&quot;:&quot;&quot;},&quot;_id&quot;:&quot;5c119b9&quot;,&quot;jet_parallax_layout_image_tablet&quot;:{&quot;url&quot;:&quot;&quot;,&quot;id&quot;:&quot;&quot;,&quot;size&quot;:&quot;&quot;},&quot;jet_parallax_layout_image_mobile&quot;:{&quot;url&quot;:&quot;&quot;,&quot;id&quot;:&quot;&quot;,&quot;size&quot;:&quot;&quot;},&quot;jet_parallax_layout_speed&quot;:{&quot;unit&quot;:&quot;%&quot;,&quot;size&quot;:50,&quot;sizes&quot;:[]},&quot;jet_parallax_layout_type&quot;:&quot;scroll&quot;,&quot;jet_parallax_layout_z_index&quot;:&quot;&quot;,&quot;jet_parallax_layout_bg_x&quot;:50,&quot;jet_parallax_layout_bg_y&quot;:50,&quot;jet_parallax_layout_bg_size&quot;:&quot;auto&quot;,&quot;jet_parallax_layout_animation_prop&quot;:&quot;transform&quot;,&quot;jet_parallax_layout_on&quot;:[&quot;desktop&quot;,&quot;tablet&quot;],&quot;jet_parallax_layout_direction&quot;:null,&quot;jet_parallax_layout_fx_direction&quot;:null,&quot;jet_parallax_layout_bg_x_tablet&quot;:&quot;&quot;,&quot;jet_parallax_layout_bg_x_mobile&quot;:&quot;&quot;,&quot;jet_parallax_layout_bg_y_tablet&quot;:&quot;&quot;,&quot;jet_parallax_layout_bg_y_mobile&quot;:&quot;&quot;,&quot;jet_parallax_layout_bg_size_tablet&quot;:&quot;&quot;,&quot;jet_parallax_layout_bg_size_mobile&quot;:&quot;&quot;}]}\">\n\t\t\t\t\t\t<div class=\"elementor-container elementor-column-gap-default\">\n\t\t\t\t\t\t\t<div class=\"elementor-row\">\n\t\t\t\t\t<div class=\"elementor-column elementor-col-100 elementor-top-column elementor-element elementor-element-f7619ec\" data-id=\"f7619ec\" data-element_type=\"column\">\n\t\t\t<div class=\"elementor-column-wrap elementor-element-populated\">\n\t\t\t\t\t\t\t<div class=\"elementor-widget-wrap\">\n\t\t\t\t\t\t<div class=\"elementor-element elementor-element-5e9e773 elementor-widget elementor-widget-spacer\" data-id=\"5e9e773\" data-element_type=\"widget\" data-widget_type=\"spacer.default\">\n\t\t\t\t<div class=\"elementor-widget-container\">\n\t\t\t\t\t<div class=\"elementor-spacer\">\n\t\t\t<div class=\"elementor-spacer-inner\"><\/div>\n\t\t<\/div>\n\t\t\t\t<\/div>\n\t\t\t\t<\/div>\n\t\t\t\t\t\t<\/div>\n\t\t\t\t\t<\/div>\n\t\t<\/div>\n\t\t\t\t\t\t\t\t<\/div>\n\t\t\t\t\t<\/div>\n\t\t<\/section>\n\t\t\t\t<section class=\"elementor-section elementor-top-section elementor-element elementor-element-b3f9aa4 elementor-section-full_width elementor-section-height-default elementor-section-height-default\" data-id=\"b3f9aa4\" data-element_type=\"section\" data-settings=\"{&quot;jet_parallax_layout_list&quot;:[{&quot;jet_parallax_layout_image&quot;:{&quot;url&quot;:&quot;&quot;,&quot;id&quot;:&quot;&quot;,&quot;size&quot;:&quot;&quot;},&quot;_id&quot;:&quot;ce7a5f7&quot;,&quot;jet_parallax_layout_image_tablet&quot;:{&quot;url&quot;:&quot;&quot;,&quot;id&quot;:&quot;&quot;,&quot;size&quot;:&quot;&quot;},&quot;jet_parallax_layout_image_mobile&quot;:{&quot;url&quot;:&quot;&quot;,&quot;id&quot;:&quot;&quot;,&quot;size&quot;:&quot;&quot;},&quot;jet_parallax_layout_speed&quot;:{&quot;unit&quot;:&quot;%&quot;,&quot;size&quot;:50,&quot;sizes&quot;:[]},&quot;jet_parallax_layout_type&quot;:&quot;scroll&quot;,&quot;jet_parallax_layout_z_index&quot;:&quot;&quot;,&quot;jet_parallax_layout_bg_x&quot;:50,&quot;jet_parallax_layout_bg_y&quot;:50,&quot;jet_parallax_layout_bg_size&quot;:&quot;auto&quot;,&quot;jet_parallax_layout_animation_prop&quot;:&quot;transform&quot;,&quot;jet_parallax_layout_on&quot;:[&quot;desktop&quot;,&quot;tablet&quot;],&quot;jet_parallax_layout_direction&quot;:null,&quot;jet_parallax_layout_fx_direction&quot;:null,&quot;jet_parallax_layout_bg_x_tablet&quot;:&quot;&quot;,&quot;jet_parallax_layout_bg_x_mobile&quot;:&quot;&quot;,&quot;jet_parallax_layout_bg_y_tablet&quot;:&quot;&quot;,&quot;jet_parallax_layout_bg_y_mobile&quot;:&quot;&quot;,&quot;jet_parallax_layout_bg_size_tablet&quot;:&quot;&quot;,&quot;jet_parallax_layout_bg_size_mobile&quot;:&quot;&quot;}],&quot;background_background&quot;:&quot;classic&quot;}\">\n\t\t\t\t\t\t<div class=\"elementor-container elementor-column-gap-default\">\n\t\t\t\t\t\t\t<div class=\"elementor-row\">\n\t\t\t\t\t<div class=\"elementor-column elementor-col-50 elementor-top-column elementor-element elementor-element-5336b15\" data-id=\"5336b15\" data-element_type=\"column\">\n\t\t\t<div class=\"elementor-column-wrap elementor-element-populated\">\n\t\t\t\t\t\t\t<div class=\"elementor-widget-wrap\">\n\t\t\t\t\t\t<div class=\"elementor-element elementor-element-312e34a elementor-widget elementor-widget-heading\" data-id=\"312e34a\" data-element_type=\"widget\" data-widget_type=\"heading.default\">\n\t\t\t\t<div class=\"elementor-widget-container\">\n\t\t\t<h2 class=\"elementor-heading-title elementor-size-default\">Roll Up<\/h2>\t\t<\/div>\n\t\t\t\t<\/div>\n\t\t\t\t<div class=\"elementor-element elementor-element-f10b55f elementor-widget elementor-widget-text-editor\" data-id=\"f10b55f\" data-element_type=\"widget\" data-widget_type=\"text-editor.default\">\n\t\t\t\t<div class=\"elementor-widget-container\">\n\t\t\t\t\t\t\t\t<div class=\"elementor-text-editor elementor-clearfix\">\n\t\t\t\t<p><strong>El Roll Up<\/strong> es uno de los displays publicitarios m\u00e1s vers\u00e1til del mercado donde destaca por la su facilidad de transporte, sin la necesidad de herramientas para su instalaci\u00f3n. Como soporte gr\u00e1fico nos permite transmitir la imagen de nuestra marca o empresa de una forma directa y atractiva para el p\u00fablico<\/p>\n\t\t\t\t\t<\/div>\n\t\t\t\t\t\t<\/div>\n\t\t\t\t<\/div>\n\t\t\t\t<div class=\"elementor-element elementor-element-22a0b9e elementor-widget elementor-widget-heading\" data-id=\"22a0b9e\" data-element_type=\"widget\" data-widget_type=\"heading.default\">\n\t\t\t\t<div class=\"elementor-widget-container\">\n\t\t\t<h2 class=\"elementor-heading-title elementor-size-default\">Caracter\u00edstics  y ventajas<\/h2>\t\t<\/div>\n\t\t\t\t<\/div>\n\t\t\t\t<div class=\"elementor-element elementor-element-6594386 elementor-widget elementor-widget-text-editor\" data-id=\"6594386\" data-element_type=\"widget\" data-widget_type=\"text-editor.default\">\n\t\t\t\t<div class=\"elementor-widget-container\">\n\t\t\t\t\t\t\t\t<div class=\"elementor-text-editor elementor-clearfix\">\n\t\t\t\t<p>Se imprimen en materiales muy resistentes, que favorecen su instalaci\u00f3n en exteriores. Es ideal para ferias interiores, como para el exterior de un comercio. Adem\u00e1s son uno de los soportes m\u00e1s econ\u00f3micos ya que nos permite reutilizar el soporte para diferentes campa\u00f1as.<\/p>\n<p>Se adapta a todo tipo de necesidades comunicativas como celebraciones, reuniones, ferias o eventos publicitarios. Consta de una estructura de aluminio con un mecanismo que permite enrollar y desenrollar una lona con un mensaje gr\u00e1fico.<\/p>\n\t\t\t\t\t<\/div>\n\t\t\t\t\t\t<\/div>\n\t\t\t\t<\/div>\n\t\t\t\t<div class=\"elementor-element elementor-element-fdb3648 elementor-icon-list--layout-traditional elementor-list-item-link-full_width elementor-widget elementor-widget-icon-list\" data-id=\"fdb3648\" data-element_type=\"widget\" data-widget_type=\"icon-list.default\">\n\t\t\t\t<div class=\"elementor-widget-container\">\n\t\t\t\t\t<ul class=\"elementor-icon-list-items\">\n\t\t\t\t\t\t\t<li class=\"elementor-icon-list-item\">\n\t\t\t\t\t\t\t\t\t\t\t<span class=\"elementor-icon-list-icon\">\n\t\t\t\t\t\t\t<i aria-hidden=\"true\" class=\"fas fa-check\"><\/i>\t\t\t\t\t\t<\/span>\n\t\t\t\t\t\t\t\t\t\t<span class=\"elementor-icon-list-text\">Montaje sencillo<\/span>\n\t\t\t\t\t\t\t\t\t<\/li>\n\t\t\t\t\t\t\t\t<li class=\"elementor-icon-list-item\">\n\t\t\t\t\t\t\t\t\t\t\t<span class=\"elementor-icon-list-icon\">\n\t\t\t\t\t\t\t<i aria-hidden=\"true\" class=\"fas fa-check\"><\/i>\t\t\t\t\t\t<\/span>\n\t\t\t\t\t\t\t\t\t\t<span class=\"elementor-icon-list-text\">F\u00e1cil de transportar<\/span>\n\t\t\t\t\t\t\t\t\t<\/li>\n\t\t\t\t\t\t\t\t<li class=\"elementor-icon-list-item\">\n\t\t\t\t\t\t\t\t\t\t\t<span class=\"elementor-icon-list-icon\">\n\t\t\t\t\t\t\t<i aria-hidden=\"true\" class=\"fas fa-check\"><\/i>\t\t\t\t\t\t<\/span>\n\t\t\t\t\t\t\t\t\t\t<span class=\"elementor-icon-list-text\">Precio asequible<\/span>\n\t\t\t\t\t\t\t\t\t<\/li>\n\t\t\t\t\t\t\t\t<li class=\"elementor-icon-list-item\">\n\t\t\t\t\t\t\t\t\t\t\t<span class=\"elementor-icon-list-icon\">\n\t\t\t\t\t\t\t<i aria-hidden=\"true\" class=\"fas fa-check\"><\/i>\t\t\t\t\t\t<\/span>\n\t\t\t\t\t\t\t\t\t\t<span class=\"elementor-icon-list-text\">Gran impacto visual<\/span>\n\t\t\t\t\t\t\t\t\t<\/li>\n\t\t\t\t\t\t\t\t<li class=\"elementor-icon-list-item\">\n\t\t\t\t\t\t\t\t\t\t\t<span class=\"elementor-icon-list-icon\">\n\t\t\t\t\t\t\t<i aria-hidden=\"true\" class=\"fas fa-check\"><\/i>\t\t\t\t\t\t<\/span>\n\t\t\t\t\t\t\t\t\t\t<span class=\"elementor-icon-list-text\">Ligero, fabricado en aluminio<\/span>\n\t\t\t\t\t\t\t\t\t<\/li>\n\t\t\t\t\t\t<\/ul>\n\t\t\t\t<\/div>\n\t\t\t\t<\/div>\n\t\t\t\t\t\t<\/div>\n\t\t\t\t\t<\/div>\n\t\t<\/div>\n\t\t\t\t<div class=\"elementor-column elementor-col-50 elementor-top-column elementor-element elementor-element-c0bd38d\" data-id=\"c0bd38d\" data-element_type=\"column\" data-settings=\"{&quot;background_background&quot;:&quot;classic&quot;}\">\n\t\t\t<div class=\"elementor-column-wrap elementor-element-populated\">\n\t\t\t\t\t\t\t<div class=\"elementor-widget-wrap\">\n\t\t\t\t\t\t<div class=\"elementor-element elementor-element-5c3d6c4 elementor-widget elementor-widget-image\" data-id=\"5c3d6c4\" data-element_type=\"widget\" data-widget_type=\"image.default\">\n\t\t\t\t<div class=\"elementor-widget-container\">\n\t\t\t\t\t\t\t\t<div class=\"elementor-image\">\n\t\t\t\t\t\t\t\t\t\t\t\t<img loading=\"lazy\" decoding=\"async\" width=\"280\" height=\"600\" src=\"https:\/\/crimar.net\/wp-content\/uploads\/2019\/07\/rollup-publicitari-1.png\" class=\"attachment-large size-large wp-image-1013\" alt=\"Roll up Publicitari\" srcset=\"https:\/\/crimar.net\/wp-content\/uploads\/2019\/07\/rollup-publicitari-1.png 280w, https:\/\/crimar.net\/wp-content\/uploads\/2019\/07\/rollup-publicitari-1-140x300.png 140w\" sizes=\"(max-width: 280px) 100vw, 280px\" \/>\t\t\t\t\t\t\t\t\t\t\t\t\t\t<\/div>\n\t\t\t\t\t\t<\/div>\n\t\t\t\t<\/div>\n\t\t\t\t\t\t<\/div>\n\t\t\t\t\t<\/div>\n\t\t<\/div>\n\t\t\t\t\t\t\t\t<\/div>\n\t\t\t\t\t<\/div>\n\t\t<\/section>\n\t\t\t\t\t\t\t\t\t<\/div>\n\t\t\t<\/div>\n\t\t\t\t\t<\/div>\n\t\t","protected":false},"excerpt":{"rendered":"<p>Expositores Los expositores son un recurso efectivo para destacar un servicio o producto ante una fuerte competencia ayudando a los clientes a decidirse por nuestra opci\u00f3n. Dise\u00f1amos, fabricamos e instalamos todo tipo de expositores a medida realizados en diferentes materiales. Roll Up El Roll Up es uno de los displays publicitarios m\u00e1s vers\u00e1til del mercado [&hellip;]<\/p>\n","protected":false},"author":1,"featured_media":0,"parent":724,"menu_order":0,"comment_status":"closed","ping_status":"closed","template":"","meta":{"footnotes":""},"class_list":["post-598","page","type-page","status-publish","hentry"],"acf":[],"yoast_head":"<!-- This site is optimized with the Yoast SEO plugin v20.3 - https:\/\/yoast.com\/wordpress\/plugins\/seo\/ -->\n<title>Expositores y Roll up Publicitario - Crimar Retolaci\u00f3 Terrassa<\/title>\n<meta name=\"description\" content=\"Promociona tu negocio o marca con un expositor o Roll up publicitario, consigue visibilidad para tu empresa, producto o servicio.\" \/>\n<meta name=\"robots\" content=\"index, follow, max-snippet:-1, max-image-preview:large, max-video-preview:-1\" \/>\n<link rel=\"canonical\" href=\"https:\/\/crimar.net\/es\/servicios\/expositores-rollup-publicitario\/\" \/>\n<meta property=\"og:locale\" content=\"es_ES\" \/>\n<meta property=\"og:type\" content=\"article\" \/>\n<meta property=\"og:title\" content=\"Expositores y Roll up Publicitario - Crimar Retolaci\u00f3 Terrassa\" \/>\n<meta property=\"og:description\" content=\"Promociona tu negocio o marca con un expositor o Roll up publicitario, consigue visibilidad para tu empresa, producto o servicio.\" \/>\n<meta property=\"og:url\" content=\"https:\/\/crimar.net\/es\/servicios\/expositores-rollup-publicitario\/\" \/>\n<meta property=\"og:site_name\" content=\"Crimar Retolaci\u00f3 Terrassa - Fabricaci\u00f3 de r\u00e8tols\" \/>\n<meta property=\"article:publisher\" content=\"https:\/\/www.facebook.com\/Retolacio\/\" \/>\n<meta property=\"article:modified_time\" content=\"2019-09-26T07:51:39+00:00\" \/>\n<meta property=\"og:image\" content=\"http:\/\/crimar.net\/wp-content\/uploads\/2019\/09\/aparadors-fires-1024x768.jpg\" \/>\n<meta name=\"twitter:card\" content=\"summary_large_image\" \/>\n<meta name=\"twitter:label1\" content=\"Tiempo de lectura\" \/>\n\t<meta name=\"twitter:data1\" content=\"1 minuto\" \/>\n<!-- \/ Yoast SEO plugin. -->","yoast_head_json":{"title":"Expositores y Roll up Publicitario - Crimar Retolaci\u00f3 Terrassa","description":"Promociona tu negocio o marca con un expositor o Roll up publicitario, consigue visibilidad para tu empresa, producto o servicio.","robots":{"index":"index","follow":"follow","max-snippet":"max-snippet:-1","max-image-preview":"max-image-preview:large","max-video-preview":"max-video-preview:-1"},"canonical":"https:\/\/crimar.net\/es\/servicios\/expositores-rollup-publicitario\/","og_locale":"es_ES","og_type":"article","og_title":"Expositores y Roll up Publicitario - Crimar Retolaci\u00f3 Terrassa","og_description":"Promociona tu negocio o marca con un expositor o Roll up publicitario, consigue visibilidad para tu empresa, producto o servicio.","og_url":"https:\/\/crimar.net\/es\/servicios\/expositores-rollup-publicitario\/","og_site_name":"Crimar Retolaci\u00f3 Terrassa - Fabricaci\u00f3 de r\u00e8tols","article_publisher":"https:\/\/www.facebook.com\/Retolacio\/","article_modified_time":"2019-09-26T07:51:39+00:00","og_image":[{"url":"http:\/\/crimar.net\/wp-content\/uploads\/2019\/09\/aparadors-fires-1024x768.jpg"}],"twitter_card":"summary_large_image","twitter_misc":{"Tiempo de lectura":"1 minuto"},"schema":{"@context":"https:\/\/schema.org","@graph":[{"@type":"WebPage","@id":"https:\/\/crimar.net\/es\/servicios\/expositores-rollup-publicitario\/","url":"https:\/\/crimar.net\/es\/servicios\/expositores-rollup-publicitario\/","name":"Expositores y Roll up Publicitario - Crimar Retolaci\u00f3 Terrassa","isPartOf":{"@id":"https:\/\/crimar.net\/es\/#website"},"datePublished":"2019-07-10T07:05:57+00:00","dateModified":"2019-09-26T07:51:39+00:00","description":"Promociona tu negocio o marca con un expositor o Roll up publicitario, consigue visibilidad para tu empresa, producto o servicio.","breadcrumb":{"@id":"https:\/\/crimar.net\/es\/servicios\/expositores-rollup-publicitario\/#breadcrumb"},"inLanguage":"es","potentialAction":[{"@type":"ReadAction","target":["https:\/\/crimar.net\/es\/servicios\/expositores-rollup-publicitario\/"]}]},{"@type":"BreadcrumbList","@id":"https:\/\/crimar.net\/es\/servicios\/expositores-rollup-publicitario\/#breadcrumb","itemListElement":[{"@type":"ListItem","position":1,"name":"Inici","item":"https:\/\/crimar.net\/es\/"},{"@type":"ListItem","position":2,"name":"Servicios","item":"https:\/\/crimar.net\/es\/servicios\/"},{"@type":"ListItem","position":3,"name":"Expositores y Roll up Publicitario"}]},{"@type":"WebSite","@id":"https:\/\/crimar.net\/es\/#website","url":"https:\/\/crimar.net\/es\/","name":"Crimar Retolaci\u00f3 Terrassa - Fabricaci\u00f3 de r\u00e8tols","description":"Tot en retolaci\u00f3, vinils i expositors.","publisher":{"@id":"https:\/\/crimar.net\/es\/#organization"},"potentialAction":[{"@type":"SearchAction","target":{"@type":"EntryPoint","urlTemplate":"https:\/\/crimar.net\/es\/?s={search_term_string}"},"query-input":"required name=search_term_string"}],"inLanguage":"es"},{"@type":"Organization","@id":"https:\/\/crimar.net\/es\/#organization","name":"Crimar Retolaci\u00f3","url":"https:\/\/crimar.net\/es\/","logo":{"@type":"ImageObject","inLanguage":"es","@id":"https:\/\/crimar.net\/es\/#\/schema\/logo\/image\/","url":"http:\/\/crimar.net\/wp-content\/uploads\/2019\/07\/logo-crimar.png","contentUrl":"http:\/\/crimar.net\/wp-content\/uploads\/2019\/07\/logo-crimar.png","width":512,"height":512,"caption":"Crimar Retolaci\u00f3"},"image":{"@id":"https:\/\/crimar.net\/es\/#\/schema\/logo\/image\/"},"sameAs":["https:\/\/www.facebook.com\/Retolacio\/","https:\/\/www.instagram.com\/crimar_retolacio\/"]}]}},"_links":{"self":[{"href":"https:\/\/crimar.net\/es\/wp-json\/wp\/v2\/pages\/598"}],"collection":[{"href":"https:\/\/crimar.net\/es\/wp-json\/wp\/v2\/pages"}],"about":[{"href":"https:\/\/crimar.net\/es\/wp-json\/wp\/v2\/types\/page"}],"author":[{"embeddable":true,"href":"https:\/\/crimar.net\/es\/wp-json\/wp\/v2\/users\/1"}],"replies":[{"embeddable":true,"href":"https:\/\/crimar.net\/es\/wp-json\/wp\/v2\/comments?post=598"}],"version-history":[{"count":2,"href":"https:\/\/crimar.net\/es\/wp-json\/wp\/v2\/pages\/598\/revisions"}],"predecessor-version":[{"id":1714,"href":"https:\/\/crimar.net\/es\/wp-json\/wp\/v2\/pages\/598\/revisions\/1714"}],"up":[{"embeddable":true,"href":"https:\/\/crimar.net\/es\/wp-json\/wp\/v2\/pages\/724"}],"wp:attachment":[{"href":"https:\/\/crimar.net\/es\/wp-json\/wp\/v2\/media?parent=598"}],"curies":[{"name":"wp","href":"https:\/\/api.w.org\/{rel}","templated":true}]}}