{"id":490,"date":"2019-07-05T10:56:51","date_gmt":"2019-07-05T08:56:51","guid":{"rendered":"http:\/\/crimar.net\/diseno-grafico\/"},"modified":"2020-12-04T11:49:09","modified_gmt":"2020-12-04T09:49:09","slug":"diseno-grafico","status":"publish","type":"page","link":"https:\/\/crimar.net\/es\/servicios\/diseno-grafico\/","title":{"rendered":"Dise\u00f1o Gr\u00e1fico"},"content":{"rendered":"\t\t<div data-elementor-type=\"wp-post\" data-elementor-id=\"490\" class=\"elementor elementor-490 elementor-283\">\n\t\t\t\t\t\t<div class=\"elementor-inner\">\n\t\t\t\t<div class=\"elementor-section-wrap\">\n\t\t\t\t\t\t\t\t\t<section class=\"elementor-section elementor-top-section elementor-element elementor-element-cef4e64 elementor-section-boxed elementor-section-height-default elementor-section-height-default\" data-id=\"cef4e64\" data-element_type=\"section\" data-settings=\"{&quot;jet_parallax_layout_list&quot;:[{&quot;jet_parallax_layout_image&quot;:{&quot;url&quot;:&quot;&quot;,&quot;id&quot;:&quot;&quot;,&quot;size&quot;:&quot;&quot;},&quot;_id&quot;:&quot;3e582de&quot;,&quot;jet_parallax_layout_image_tablet&quot;:{&quot;url&quot;:&quot;&quot;,&quot;id&quot;:&quot;&quot;,&quot;size&quot;:&quot;&quot;},&quot;jet_parallax_layout_image_mobile&quot;:{&quot;url&quot;:&quot;&quot;,&quot;id&quot;:&quot;&quot;,&quot;size&quot;:&quot;&quot;},&quot;jet_parallax_layout_speed&quot;:{&quot;unit&quot;:&quot;%&quot;,&quot;size&quot;:50,&quot;sizes&quot;:[]},&quot;jet_parallax_layout_type&quot;:&quot;scroll&quot;,&quot;jet_parallax_layout_direction&quot;:null,&quot;jet_parallax_layout_fx_direction&quot;:null,&quot;jet_parallax_layout_z_index&quot;:&quot;&quot;,&quot;jet_parallax_layout_bg_x&quot;:50,&quot;jet_parallax_layout_bg_x_tablet&quot;:&quot;&quot;,&quot;jet_parallax_layout_bg_x_mobile&quot;:&quot;&quot;,&quot;jet_parallax_layout_bg_y&quot;:50,&quot;jet_parallax_layout_bg_y_tablet&quot;:&quot;&quot;,&quot;jet_parallax_layout_bg_y_mobile&quot;:&quot;&quot;,&quot;jet_parallax_layout_bg_size&quot;:&quot;auto&quot;,&quot;jet_parallax_layout_bg_size_tablet&quot;:&quot;&quot;,&quot;jet_parallax_layout_bg_size_mobile&quot;:&quot;&quot;,&quot;jet_parallax_layout_animation_prop&quot;:&quot;transform&quot;,&quot;jet_parallax_layout_on&quot;:[&quot;desktop&quot;,&quot;tablet&quot;]}]}\">\n\t\t\t\t\t\t<div class=\"elementor-container elementor-column-gap-default\">\n\t\t\t\t\t\t\t<div class=\"elementor-row\">\n\t\t\t\t\t<div class=\"elementor-column elementor-col-100 elementor-top-column elementor-element elementor-element-3e39479\" data-id=\"3e39479\" data-element_type=\"column\">\n\t\t\t<div class=\"elementor-column-wrap elementor-element-populated\">\n\t\t\t\t\t\t\t<div class=\"elementor-widget-wrap\">\n\t\t\t\t\t\t<div class=\"elementor-element elementor-element-5b353b0 elementor-widget elementor-widget-text-editor\" data-id=\"5b353b0\" data-element_type=\"widget\" data-widget_type=\"text-editor.default\">\n\t\t\t\t<div class=\"elementor-widget-container\">\n\t\t\t\t\t\t\t\t<div class=\"elementor-text-editor elementor-clearfix\">\n\t\t\t\t<p>El dise\u00f1o gr\u00e1fico es el elemento m\u00e1s importante a la hora de transmitir una idea o crear una marca que posicione un producto al mercado.<br \/>\nCrimar es especialista en dise\u00f1o de branding corporativo y campa\u00f1as de marketing. Desarrollamos tu idea inicial, adaptamos tu dise\u00f1o actual a nuevas necesidades y realizamos un dise\u00f1o gr\u00e1fico a medida.<\/p>\n\t\t\t\t\t<\/div>\n\t\t\t\t\t\t<\/div>\n\t\t\t\t<\/div>\n\t\t\t\t\t\t<\/div>\n\t\t\t\t\t<\/div>\n\t\t<\/div>\n\t\t\t\t\t\t\t\t<\/div>\n\t\t\t\t\t<\/div>\n\t\t<\/section>\n\t\t\t\t<section class=\"elementor-section elementor-top-section elementor-element elementor-element-8eb7607 elementor-section-boxed elementor-section-height-default elementor-section-height-default\" data-id=\"8eb7607\" data-element_type=\"section\" data-settings=\"{&quot;jet_parallax_layout_list&quot;:[{&quot;jet_parallax_layout_image&quot;:{&quot;url&quot;:&quot;&quot;,&quot;id&quot;:&quot;&quot;,&quot;size&quot;:&quot;&quot;},&quot;_id&quot;:&quot;3634b3c&quot;,&quot;jet_parallax_layout_image_tablet&quot;:{&quot;url&quot;:&quot;&quot;,&quot;id&quot;:&quot;&quot;,&quot;size&quot;:&quot;&quot;},&quot;jet_parallax_layout_image_mobile&quot;:{&quot;url&quot;:&quot;&quot;,&quot;id&quot;:&quot;&quot;,&quot;size&quot;:&quot;&quot;},&quot;jet_parallax_layout_speed&quot;:{&quot;unit&quot;:&quot;%&quot;,&quot;size&quot;:50,&quot;sizes&quot;:[]},&quot;jet_parallax_layout_type&quot;:&quot;scroll&quot;,&quot;jet_parallax_layout_direction&quot;:null,&quot;jet_parallax_layout_fx_direction&quot;:null,&quot;jet_parallax_layout_z_index&quot;:&quot;&quot;,&quot;jet_parallax_layout_bg_x&quot;:50,&quot;jet_parallax_layout_bg_x_tablet&quot;:&quot;&quot;,&quot;jet_parallax_layout_bg_x_mobile&quot;:&quot;&quot;,&quot;jet_parallax_layout_bg_y&quot;:50,&quot;jet_parallax_layout_bg_y_tablet&quot;:&quot;&quot;,&quot;jet_parallax_layout_bg_y_mobile&quot;:&quot;&quot;,&quot;jet_parallax_layout_bg_size&quot;:&quot;auto&quot;,&quot;jet_parallax_layout_bg_size_tablet&quot;:&quot;&quot;,&quot;jet_parallax_layout_bg_size_mobile&quot;:&quot;&quot;,&quot;jet_parallax_layout_animation_prop&quot;:&quot;transform&quot;,&quot;jet_parallax_layout_on&quot;:[&quot;desktop&quot;,&quot;tablet&quot;]}]}\">\n\t\t\t\t\t\t<div class=\"elementor-container elementor-column-gap-default\">\n\t\t\t\t\t\t\t<div class=\"elementor-row\">\n\t\t\t\t\t<div class=\"elementor-column elementor-col-100 elementor-top-column elementor-element elementor-element-5ae3563\" data-id=\"5ae3563\" data-element_type=\"column\">\n\t\t\t<div class=\"elementor-column-wrap elementor-element-populated\">\n\t\t\t\t\t\t\t<div class=\"elementor-widget-wrap\">\n\t\t\t\t\t\t<div class=\"elementor-element elementor-element-469439f elementor-widget elementor-widget-heading\" data-id=\"469439f\" data-element_type=\"widget\" data-widget_type=\"heading.default\">\n\t\t\t\t<div class=\"elementor-widget-container\">\n\t\t\t<h2 class=\"elementor-heading-title elementor-size-default\">Dise\u00f1o gr\u00e1fico profesional\u200b<\/h2>\t\t<\/div>\n\t\t\t\t<\/div>\n\t\t\t\t<div class=\"elementor-element elementor-element-30ab328 elementor-widget elementor-widget-text-editor\" data-id=\"30ab328\" data-element_type=\"widget\" data-widget_type=\"text-editor.default\">\n\t\t\t\t<div class=\"elementor-widget-container\">\n\t\t\t\t\t\t\t\t<div class=\"elementor-text-editor elementor-clearfix\">\n\t\t\t\t<p>Disponer de una imagen corporativa trabajada y visualmente atractiva es clave para atraer la atenci\u00f3n del p\u00fablico. Crimar Rotulaci\u00f3 se encarga de dar forma a tu idea adaptando el dise\u00f1o a tus necesidades.<\/p>\n\t\t\t\t\t<\/div>\n\t\t\t\t\t\t<\/div>\n\t\t\t\t<\/div>\n\t\t\t\t\t\t<\/div>\n\t\t\t\t\t<\/div>\n\t\t<\/div>\n\t\t\t\t\t\t\t\t<\/div>\n\t\t\t\t\t<\/div>\n\t\t<\/section>\n\t\t\t\t<section class=\"elementor-section elementor-top-section elementor-element elementor-element-1ad49d48 elementor-section-boxed elementor-section-height-default elementor-section-height-default\" data-id=\"1ad49d48\" data-element_type=\"section\" data-settings=\"{&quot;jet_parallax_layout_list&quot;:[{&quot;jet_parallax_layout_image&quot;:{&quot;url&quot;:&quot;&quot;,&quot;id&quot;:&quot;&quot;,&quot;size&quot;:&quot;&quot;},&quot;_id&quot;:&quot;af45bfd&quot;,&quot;jet_parallax_layout_image_tablet&quot;:{&quot;url&quot;:&quot;&quot;,&quot;id&quot;:&quot;&quot;,&quot;size&quot;:&quot;&quot;},&quot;jet_parallax_layout_image_mobile&quot;:{&quot;url&quot;:&quot;&quot;,&quot;id&quot;:&quot;&quot;,&quot;size&quot;:&quot;&quot;},&quot;jet_parallax_layout_speed&quot;:{&quot;unit&quot;:&quot;%&quot;,&quot;size&quot;:50,&quot;sizes&quot;:[]},&quot;jet_parallax_layout_type&quot;:&quot;scroll&quot;,&quot;jet_parallax_layout_direction&quot;:null,&quot;jet_parallax_layout_fx_direction&quot;:null,&quot;jet_parallax_layout_z_index&quot;:&quot;&quot;,&quot;jet_parallax_layout_bg_x&quot;:50,&quot;jet_parallax_layout_bg_x_tablet&quot;:&quot;&quot;,&quot;jet_parallax_layout_bg_x_mobile&quot;:&quot;&quot;,&quot;jet_parallax_layout_bg_y&quot;:50,&quot;jet_parallax_layout_bg_y_tablet&quot;:&quot;&quot;,&quot;jet_parallax_layout_bg_y_mobile&quot;:&quot;&quot;,&quot;jet_parallax_layout_bg_size&quot;:&quot;auto&quot;,&quot;jet_parallax_layout_bg_size_tablet&quot;:&quot;&quot;,&quot;jet_parallax_layout_bg_size_mobile&quot;:&quot;&quot;,&quot;jet_parallax_layout_animation_prop&quot;:&quot;transform&quot;,&quot;jet_parallax_layout_on&quot;:[&quot;desktop&quot;,&quot;tablet&quot;]}]}\">\n\t\t\t\t\t\t<div class=\"elementor-container elementor-column-gap-default\">\n\t\t\t\t\t\t\t<div class=\"elementor-row\">\n\t\t\t\t\t<div class=\"elementor-column elementor-col-100 elementor-top-column elementor-element elementor-element-30abd343\" data-id=\"30abd343\" data-element_type=\"column\">\n\t\t\t<div class=\"elementor-column-wrap elementor-element-populated\">\n\t\t\t\t\t\t\t<div class=\"elementor-widget-wrap\">\n\t\t\t\t\t\t<div class=\"elementor-element elementor-element-3d16cdd6 elementor-widget elementor-widget-image\" data-id=\"3d16cdd6\" data-element_type=\"widget\" data-widget_type=\"image.default\">\n\t\t\t\t<div class=\"elementor-widget-container\">\n\t\t\t\t\t\t\t\t<div class=\"elementor-image\">\n\t\t\t\t\t\t\t\t\t\t\t\t<img loading=\"lazy\" decoding=\"async\" width=\"600\" height=\"317\" src=\"https:\/\/crimar.net\/wp-content\/uploads\/2019\/08\/retolacio-impressio-digital-1.gif\" class=\"attachment-medium_large size-medium_large wp-image-1435\" alt=\"\" \/>\t\t\t\t\t\t\t\t\t\t\t\t\t\t<\/div>\n\t\t\t\t\t\t<\/div>\n\t\t\t\t<\/div>\n\t\t\t\t\t\t<\/div>\n\t\t\t\t\t<\/div>\n\t\t<\/div>\n\t\t\t\t\t\t\t\t<\/div>\n\t\t\t\t\t<\/div>\n\t\t<\/section>\n\t\t\t\t\t\t\t\t\t<\/div>\n\t\t\t<\/div>\n\t\t\t\t\t<\/div>\n\t\t","protected":false},"excerpt":{"rendered":"<p>El dise\u00f1o gr\u00e1fico es el elemento m\u00e1s importante a la hora de transmitir una idea o crear una marca que posicione un producto al mercado. Crimar es especialista en dise\u00f1o de branding corporativo y campa\u00f1as de marketing. Desarrollamos tu idea inicial, adaptamos tu dise\u00f1o actual a nuevas necesidades y realizamos un dise\u00f1o gr\u00e1fico a medida. [&hellip;]<\/p>\n","protected":false},"author":1,"featured_media":0,"parent":724,"menu_order":0,"comment_status":"closed","ping_status":"closed","template":"","meta":{"footnotes":""},"class_list":["post-490","page","type-page","status-publish","hentry"],"acf":[],"yoast_head":"<!-- This site is optimized with the Yoast SEO plugin v20.3 - https:\/\/yoast.com\/wordpress\/plugins\/seo\/ -->\n<title>Dise\u00f1o Gr\u00e1fico - Crimar Retolaci\u00f3 Terrassa - Fabricaci\u00f3 de r\u00e8tols<\/title>\n<meta name=\"description\" content=\"Dise\u00f1o gr\u00e1fico profesional. Adaptamos tu idea a cualquier formato visual y con gran variedad de estilos. Dise\u00f1amos tu imagen corporativa.\" \/>\n<meta name=\"robots\" content=\"index, follow, max-snippet:-1, max-image-preview:large, max-video-preview:-1\" \/>\n<link rel=\"canonical\" href=\"https:\/\/crimar.net\/es\/servicios\/diseno-grafico\/\" \/>\n<meta property=\"og:locale\" content=\"es_ES\" \/>\n<meta property=\"og:type\" content=\"article\" \/>\n<meta property=\"og:title\" content=\"Dise\u00f1o Gr\u00e1fico - Crimar Retolaci\u00f3 Terrassa - Fabricaci\u00f3 de r\u00e8tols\" \/>\n<meta property=\"og:description\" content=\"Dise\u00f1o gr\u00e1fico profesional. Adaptamos tu idea a cualquier formato visual y con gran variedad de estilos. Dise\u00f1amos tu imagen corporativa.\" \/>\n<meta property=\"og:url\" content=\"https:\/\/crimar.net\/es\/servicios\/diseno-grafico\/\" \/>\n<meta property=\"og:site_name\" content=\"Crimar Retolaci\u00f3 Terrassa - Fabricaci\u00f3 de r\u00e8tols\" \/>\n<meta property=\"article:publisher\" content=\"https:\/\/www.facebook.com\/Retolacio\/\" \/>\n<meta property=\"article:modified_time\" content=\"2020-12-04T09:49:09+00:00\" \/>\n<meta property=\"og:image\" content=\"http:\/\/crimar.net\/wp-content\/uploads\/2019\/08\/retolacio-impressio-digital-1.gif\" \/>\n<meta name=\"twitter:card\" content=\"summary_large_image\" \/>\n<meta name=\"twitter:label1\" content=\"Tiempo de lectura\" \/>\n\t<meta name=\"twitter:data1\" content=\"1 minuto\" \/>\n<!-- \/ Yoast SEO plugin. -->","yoast_head_json":{"title":"Dise\u00f1o Gr\u00e1fico - Crimar Retolaci\u00f3 Terrassa - Fabricaci\u00f3 de r\u00e8tols","description":"Dise\u00f1o gr\u00e1fico profesional. Adaptamos tu idea a cualquier formato visual y con gran variedad de estilos. Dise\u00f1amos tu imagen corporativa.","robots":{"index":"index","follow":"follow","max-snippet":"max-snippet:-1","max-image-preview":"max-image-preview:large","max-video-preview":"max-video-preview:-1"},"canonical":"https:\/\/crimar.net\/es\/servicios\/diseno-grafico\/","og_locale":"es_ES","og_type":"article","og_title":"Dise\u00f1o Gr\u00e1fico - Crimar Retolaci\u00f3 Terrassa - Fabricaci\u00f3 de r\u00e8tols","og_description":"Dise\u00f1o gr\u00e1fico profesional. Adaptamos tu idea a cualquier formato visual y con gran variedad de estilos. Dise\u00f1amos tu imagen corporativa.","og_url":"https:\/\/crimar.net\/es\/servicios\/diseno-grafico\/","og_site_name":"Crimar Retolaci\u00f3 Terrassa - Fabricaci\u00f3 de r\u00e8tols","article_publisher":"https:\/\/www.facebook.com\/Retolacio\/","article_modified_time":"2020-12-04T09:49:09+00:00","og_image":[{"url":"http:\/\/crimar.net\/wp-content\/uploads\/2019\/08\/retolacio-impressio-digital-1.gif"}],"twitter_card":"summary_large_image","twitter_misc":{"Tiempo de lectura":"1 minuto"},"schema":{"@context":"https:\/\/schema.org","@graph":[{"@type":"WebPage","@id":"https:\/\/crimar.net\/es\/servicios\/diseno-grafico\/","url":"https:\/\/crimar.net\/es\/servicios\/diseno-grafico\/","name":"Dise\u00f1o Gr\u00e1fico - Crimar Retolaci\u00f3 Terrassa - Fabricaci\u00f3 de r\u00e8tols","isPartOf":{"@id":"https:\/\/crimar.net\/es\/#website"},"datePublished":"2019-07-05T08:56:51+00:00","dateModified":"2020-12-04T09:49:09+00:00","description":"Dise\u00f1o gr\u00e1fico profesional. Adaptamos tu idea a cualquier formato visual y con gran variedad de estilos. Dise\u00f1amos tu imagen corporativa.","breadcrumb":{"@id":"https:\/\/crimar.net\/es\/servicios\/diseno-grafico\/#breadcrumb"},"inLanguage":"es","potentialAction":[{"@type":"ReadAction","target":["https:\/\/crimar.net\/es\/servicios\/diseno-grafico\/"]}]},{"@type":"BreadcrumbList","@id":"https:\/\/crimar.net\/es\/servicios\/diseno-grafico\/#breadcrumb","itemListElement":[{"@type":"ListItem","position":1,"name":"Inici","item":"https:\/\/crimar.net\/es\/"},{"@type":"ListItem","position":2,"name":"Servicios","item":"https:\/\/crimar.net\/es\/servicios\/"},{"@type":"ListItem","position":3,"name":"Dise\u00f1o Gr\u00e1fico"}]},{"@type":"WebSite","@id":"https:\/\/crimar.net\/es\/#website","url":"https:\/\/crimar.net\/es\/","name":"Crimar Retolaci\u00f3 Terrassa - Fabricaci\u00f3 de r\u00e8tols","description":"Tot en retolaci\u00f3, vinils i expositors.","publisher":{"@id":"https:\/\/crimar.net\/es\/#organization"},"potentialAction":[{"@type":"SearchAction","target":{"@type":"EntryPoint","urlTemplate":"https:\/\/crimar.net\/es\/?s={search_term_string}"},"query-input":"required name=search_term_string"}],"inLanguage":"es"},{"@type":"Organization","@id":"https:\/\/crimar.net\/es\/#organization","name":"Crimar Retolaci\u00f3","url":"https:\/\/crimar.net\/es\/","logo":{"@type":"ImageObject","inLanguage":"es","@id":"https:\/\/crimar.net\/es\/#\/schema\/logo\/image\/","url":"http:\/\/crimar.net\/wp-content\/uploads\/2019\/07\/logo-crimar.png","contentUrl":"http:\/\/crimar.net\/wp-content\/uploads\/2019\/07\/logo-crimar.png","width":512,"height":512,"caption":"Crimar Retolaci\u00f3"},"image":{"@id":"https:\/\/crimar.net\/es\/#\/schema\/logo\/image\/"},"sameAs":["https:\/\/www.facebook.com\/Retolacio\/","https:\/\/www.instagram.com\/crimar_retolacio\/"]}]}},"_links":{"self":[{"href":"https:\/\/crimar.net\/es\/wp-json\/wp\/v2\/pages\/490"}],"collection":[{"href":"https:\/\/crimar.net\/es\/wp-json\/wp\/v2\/pages"}],"about":[{"href":"https:\/\/crimar.net\/es\/wp-json\/wp\/v2\/types\/page"}],"author":[{"embeddable":true,"href":"https:\/\/crimar.net\/es\/wp-json\/wp\/v2\/users\/1"}],"replies":[{"embeddable":true,"href":"https:\/\/crimar.net\/es\/wp-json\/wp\/v2\/comments?post=490"}],"version-history":[{"count":3,"href":"https:\/\/crimar.net\/es\/wp-json\/wp\/v2\/pages\/490\/revisions"}],"predecessor-version":[{"id":2165,"href":"https:\/\/crimar.net\/es\/wp-json\/wp\/v2\/pages\/490\/revisions\/2165"}],"up":[{"embeddable":true,"href":"https:\/\/crimar.net\/es\/wp-json\/wp\/v2\/pages\/724"}],"wp:attachment":[{"href":"https:\/\/crimar.net\/es\/wp-json\/wp\/v2\/media?parent=490"}],"curies":[{"name":"wp","href":"https:\/\/api.w.org\/{rel}","templated":true}]}}