{"id":1588,"date":"2019-09-25T09:21:19","date_gmt":"2019-09-25T07:21:19","guid":{"rendered":"http:\/\/crimar.net\/politica-de-privacidad\/"},"modified":"2021-08-27T16:50:52","modified_gmt":"2021-08-27T14:50:52","slug":"politica-privacidad","status":"publish","type":"page","link":"https:\/\/crimar.net\/es\/politica-privacidad\/","title":{"rendered":"Pol\u00edtica de privacidad"},"content":{"rendered":"\t\t<div data-elementor-type=\"wp-post\" data-elementor-id=\"1588\" class=\"elementor elementor-1588 elementor-1348\">\n\t\t\t\t\t\t<div class=\"elementor-inner\">\n\t\t\t\t<div class=\"elementor-section-wrap\">\n\t\t\t\t\t\t\t\t\t<section class=\"elementor-section elementor-top-section elementor-element elementor-element-7dcb elementor-section-boxed elementor-section-height-default elementor-section-height-default\" data-id=\"7dcb\" data-element_type=\"section\" data-settings=\"{&quot;jet_parallax_layout_list&quot;:[{&quot;jet_parallax_layout_image&quot;:{&quot;url&quot;:&quot;&quot;,&quot;id&quot;:&quot;&quot;,&quot;size&quot;:&quot;&quot;},&quot;_id&quot;:&quot;5d47ea8&quot;,&quot;jet_parallax_layout_image_tablet&quot;:{&quot;url&quot;:&quot;&quot;,&quot;id&quot;:&quot;&quot;,&quot;size&quot;:&quot;&quot;},&quot;jet_parallax_layout_image_mobile&quot;:{&quot;url&quot;:&quot;&quot;,&quot;id&quot;:&quot;&quot;,&quot;size&quot;:&quot;&quot;},&quot;jet_parallax_layout_speed&quot;:{&quot;unit&quot;:&quot;%&quot;,&quot;size&quot;:50,&quot;sizes&quot;:[]},&quot;jet_parallax_layout_type&quot;:&quot;scroll&quot;,&quot;jet_parallax_layout_direction&quot;:null,&quot;jet_parallax_layout_fx_direction&quot;:null,&quot;jet_parallax_layout_z_index&quot;:&quot;&quot;,&quot;jet_parallax_layout_bg_x&quot;:50,&quot;jet_parallax_layout_bg_x_tablet&quot;:&quot;&quot;,&quot;jet_parallax_layout_bg_x_mobile&quot;:&quot;&quot;,&quot;jet_parallax_layout_bg_y&quot;:50,&quot;jet_parallax_layout_bg_y_tablet&quot;:&quot;&quot;,&quot;jet_parallax_layout_bg_y_mobile&quot;:&quot;&quot;,&quot;jet_parallax_layout_bg_size&quot;:&quot;auto&quot;,&quot;jet_parallax_layout_bg_size_tablet&quot;:&quot;&quot;,&quot;jet_parallax_layout_bg_size_mobile&quot;:&quot;&quot;,&quot;jet_parallax_layout_animation_prop&quot;:&quot;transform&quot;,&quot;jet_parallax_layout_on&quot;:[&quot;desktop&quot;,&quot;tablet&quot;]}]}\">\n\t\t\t\t\t\t<div class=\"elementor-container elementor-column-gap-default\">\n\t\t\t\t\t\t\t<div class=\"elementor-row\">\n\t\t\t\t\t<div class=\"elementor-column elementor-col-100 elementor-top-column elementor-element elementor-element-19a8\" data-id=\"19a8\" data-element_type=\"column\">\n\t\t\t<div class=\"elementor-column-wrap elementor-element-populated\">\n\t\t\t\t\t\t\t<div class=\"elementor-widget-wrap\">\n\t\t\t\t\t\t<div class=\"elementor-element elementor-element-4cc1 elementor-widget elementor-widget-text-editor\" data-id=\"4cc1\" data-element_type=\"widget\" data-widget_type=\"text-editor.default\">\n\t\t\t\t<div class=\"elementor-widget-container\">\n\t\t\t\t\t\t\t\t<div class=\"elementor-text-editor elementor-clearfix\">\n\t\t\t\t<p><strong>OBJETO SOCIAL<\/strong><\/p><p>Crimar Retolaci\u00f3 S.L, tiene como actividad la fabricaci\u00f3n y montaje de r\u00f3tulos, impresi\u00f3n de vinilos decorativos, rotulaci\u00f3n de veh\u00edculos y la comercializaci\u00f3n de cualesquiera productos relacionados.<\/p><p><strong>IDENTIFICACI\u00d3N<\/strong><\/p><p>En cumplimiento con el deber de informaci\u00f3n recogido en art\u00edculo 10 de la Ley 34\/2002, de 11 de julio, de Servicios de la Sociedad de la Informaci\u00f3n y del Comercio Electr\u00f3nico, los datos aqu\u00ed consignados corresponden a la entidad titular de la Web: CRIMAR.NET<\/p><p>Denominaci\u00f3n Social: Marcos Moral Ramirez<\/p><p>Domicilio: Carrer Avenc del Dav\u00ed 2, 08227 Terrassa, Barcelona<\/p><p>Tel\u00e9fono: 937 88 23 49\u00a0<\/p><p>E-mail: crimar@crimar.net<\/p><p>CIF: B64040298<\/p><p><strong>PROPIEDAD INTELECTUAL E INDUSTRIAL<\/strong><\/p><p>Todos los derechos de Propiedad Industrial e Intelectual de la totalidad de elementos contenidos en esta Web, incluidas las marcas comerciales, formatos, dise\u00f1os gr\u00e1ficos, textos, im\u00e1genes y documentos, pertenecen a CRIMAR RETOLACI\u00d3 y se encuentran protegidos por las leyes espa\u00f1olas e internacionales sobre propiedad Intelectual e Industrial. Queda expresamente prohibida la reproducci\u00f3n total o parcial de este sitio Web y de cualquiera de sus contenidos sin el permiso expreso y por escrito de CRIMAR RETOLACI\u00d3.<\/p><p>El acceso al sitio web no implica ning\u00fan tipo de renuncia, transmisi\u00f3n, licencia o cesi\u00f3n de dichos derechos por parte de CRIMAR RETOLACI\u00d3 salvo que se establezca expresamente lo contrario.<\/p><p><strong>CONDICIONES DE USO<\/strong><\/p><p>El acceso a este sitio Web implica la aceptaci\u00f3n de estas condiciones de uso sin reservas que regulan el acceso y la utilizaci\u00f3n del mismo con el fin de poner a disposici\u00f3n de los usuarios informaci\u00f3n sobre nuestros productos y servicios.<\/p><p>Se proh\u00edbe expresamente la utilizaci\u00f3n de los contenidos de este sitio Web para su utilizaci\u00f3n con fines comerciales o para su distribuci\u00f3n, transformaci\u00f3n o comunicaci\u00f3n.<\/p><p>CRIMAR RETOLACI\u00d3 , no responder\u00e1 de ninguna consecuencia, da\u00f1o o perjuicio que pudieran derivarse de dicha utilizaci\u00f3n o uso de la informaci\u00f3n.<\/p><p>Tanto el acceso a esta Web como el uso que pueda hacerse de la informaci\u00f3n contenida en la misma es de la exclusiva responsabilidad de quien lo realiza.<\/p><p>El usuario se obliga a no utilizar la informaci\u00f3n que se publica en esta Web con fines o efectos il\u00edcitos o lesivos, a no da\u00f1ar o inutilizar la informaci\u00f3n y a no realizar cualquier otra acci\u00f3n que puedan ser contraria al contenido de este Aviso Legal.<\/p><p>CRIMAR RETOLACI\u00d3 , se reserva el derecho a modificar los contenidos de la oferta comercial de los productos y servicios cuando lo estime oportuno y a mantener su contenido actualizado.<\/p><p>CRIMAR RETOLACI\u00d3 , no puede asegurar la inexistencia de interrupciones o errores en el acceso a este sitio Web, aunque pondr\u00e1 sus mayores esfuerzos para evitarlos.<\/p><p><strong>POL\u00cdTICA DE PROTECCI\u00d3N DE DATOS<\/strong><\/p><p>En cumplimiento del REGLAMENTO (UE) 2016\/679 DEL PARLAMENTO EUROPEO Y DEL CONSEJO de 27 de Abril de 2016, relativo a la protecci\u00f3n de las personas f\u00edsicas en lo que respecta al tratamiento de datos personales y a la libre circulaci\u00f3n de estos datos y su normativa de desarrollo, se le informa que los datos personales facilitados por usted ser\u00e1n tratados con la finalidad de facilitarle la informaci\u00f3n solicitada acerca de nuestros productos y servicios.<\/p><p>A trav\u00e9s de la cumplimentaci\u00f3n de formularios de contacto de la Web o mediante el env\u00edo de correos electr\u00f3nicos o cualquier otro tipo de solicitud de informaci\u00f3n remitida a CRIMAR RETOLACI\u00d3 , el interesado presta su consentimiento expreso para el tratamiento de sus datos personales y para recibir comunicaciones comerciales y Newsletter sobre los productos o servicios de CRIMAR RETOLACI\u00d3.<\/p><p>En ning\u00fan caso CRIMAR RETOLACI\u00d3 , utilizar\u00e1 los datos personales de los interesados para fines distintos de los anteriormente mencionados, ni los comunicar\u00e1 a terceros sin el consentimiento previo y expreso del afectado, y se compromete a guardar el debido secreto profesional y a establecer las medidas t\u00e9cnicas y organizativas necesarias para salvaguardar la informaci\u00f3n conforme a los requerimientos que establece el mencionado Reglamento.<\/p><p>Para mantenerle informado sobre novedades, promociones o nuevos productos o servicios, sus datos personales se conservar\u00e1n en nuestros registros durante un periodo de tres a\u00f1os. No obstante, en cualquier momento usted puede solicitar el acceso a sus datos personales y su rectificaci\u00f3n o supresi\u00f3n. As\u00ed como, limitar su tratamiento, o directamente oponerse al tratamiento o ejercer el derecho a la portabilidad de los mismos.<\/p><p>Tambi\u00e9n le informamos de su derecho a presentar una reclamaci\u00f3n ante la Agencia Espa\u00f1ola de Protecci\u00f3n de Datos, si considera que en el tratamiento de sus datos no se est\u00e1n respetando sus derechos.<\/p><p>Identidad del responsable (contacto): Crimar Retolaci\u00f3 , Carrer Avenc del dav\u00ed 2, 08227 Terrassa, Barcelona \u00a0&#8211; Tel: 937 88 23 49<\/p><p>e-mail: crimar@crimar.net<\/p><p><strong>POL\u00cdTICA DE PROTECCI\u00d3N DE MENORES<\/strong><\/p><p>Quien facilita los datos a trav\u00e9s de los formularios de esta Web y acepta su tratamiento declara formalmente ser mayor de 14 a\u00f1os.<\/p><p>Queda prohibido el acceso y uso del portal a los menores de 14 a\u00f1os de edad.<\/p><p>CRIMAR RETOLACI\u00d3 recuerda a las personas mayores de edad que tengan a su cargo menores, que ser\u00e1 de su exclusiva responsabilidad si alg\u00fan menor incorpora sus datos para solicitar alguna actividad o servicio.<\/p><p>Tambi\u00e9n les informa que existen programas inform\u00e1ticos para acotar la navegaci\u00f3n mediante el filtro o bloqueo a determinados contenidos.<\/p><p><strong>REDES SOCIALES<\/strong><\/p><p>Al seguir nuestro perfil en las redes sociales consiente expresamente el tratamiento de sus datos personales conforme a su pol\u00edtica de privacidad. Tambi\u00e9n consiente expresamente el acceso de CRIMAR RETOLACI\u00d3 al tratamiento de sus datos contenidos en la lista de amigos y a que a que las noticias publicadas sobre cualquier producto de CRIMAR RETOLACI\u00d3 aparezcan en su muro.<\/p><p>De conformidad con el REGLAMENTO (UE) 2016\/679 DEL PARLAMENTO EUROPEO, le informamos que los datos personales de los seguidores de Crimar Retolaci\u00f3, ser\u00e1n incorporados a un fichero cuyo titular es CRIMAR RETOLACI\u00d3 con la finalidad de mantenerle informados a trav\u00e9s de las redes sociales sobre noticias relativas a las actividades de CRIMAR RETOLACI\u00d3.<\/p><p>Su petici\u00f3n para conectar, implica necesariamente su consentimiento para los tratamientos se\u00f1alados.<\/p><p>La publicaci\u00f3n de comentarios y contenidos en las redes sociales se convertir\u00e1n en informaci\u00f3n p\u00fablica, por lo que los usuarios deber\u00e1n tener especial cautela cuando decidan compartir su informaci\u00f3n personal. CRIMAR RETOLACI\u00d3 no se hace responsable por la informaci\u00f3n que los usuarios incorporen en la p\u00e1gina. No obstante, las personas cuyos datos personales se encuentren publicados o est\u00e9n incluidos en comentarios, podr\u00e1n solicitar a CRIMAR RETOLACI\u00d3 la cancelaci\u00f3n de los mismos.<\/p><p>En cualquier momento, usted puede ejercer los derechos de acceso, rectificaci\u00f3n, supresi\u00f3n y oposici\u00f3n, limitar el tratamiento de sus datos, o directamente oponerse al tratamiento, o ejercer el derecho a la portabilidad de los mismos. Todo ello, mediante escrito, acompa\u00f1ado de copia de documento oficial que le identifique, dirigido a CRIMAR RETOLACI\u00d3 En caso de disconformidad con el tratamiento, tambi\u00e9n tiene derecho a presentar una reclamaci\u00f3n ante la Agencia Espa\u00f1ola de Protecci\u00f3n de Datos.<\/p><p><strong>LEGISLACI\u00d3N APLICABLE Y COMPETENCIA JURISDICCIONAL<\/strong><\/p><p>El presente Aviso Legal se rige por la normativa espa\u00f1ola vigente que le es de aplicaci\u00f3n.<\/p><p>Para la resoluci\u00f3n de las controversias que pudieran derivarse como consecuencia de lo dispuesto en las presentes disposiciones y sobre su interpretaci\u00f3n, aplicaci\u00f3n y cumplimiento. El usuario, en virtud de la aceptaci\u00f3n de las condiciones recogidas en este Aviso legal, renuncia expresamente a cualquier otro fuero que pudiera corresponderle.<\/p><p>En cualquier caso, dentro de la jurisdicci\u00f3n espa\u00f1ola, si la legislaci\u00f3n permitiese someterse a un fuero en concreto, el usuario renuncia expresamente al fuero que pudiera corresponderle y se somete voluntariamente a la jurisdicci\u00f3n de los Juzgados y Tribunales de Barcelona.<\/p>\t\t\t\t\t<\/div>\n\t\t\t\t\t\t<\/div>\n\t\t\t\t<\/div>\n\t\t\t\t\t\t<\/div>\n\t\t\t\t\t<\/div>\n\t\t<\/div>\n\t\t\t\t\t\t\t\t<\/div>\n\t\t\t\t\t<\/div>\n\t\t<\/section>\n\t\t\t\t\t\t\t\t\t<\/div>\n\t\t\t<\/div>\n\t\t\t\t\t<\/div>\n\t\t","protected":false},"excerpt":{"rendered":"<p>OBJETO SOCIAL Crimar Retolaci\u00f3 S.L, tiene como actividad la fabricaci\u00f3n y montaje de r\u00f3tulos, impresi\u00f3n de vinilos decorativos, rotulaci\u00f3n de veh\u00edculos y la comercializaci\u00f3n de cualesquiera productos relacionados. IDENTIFICACI\u00d3N En cumplimiento con el deber de informaci\u00f3n recogido en art\u00edculo 10 de la Ley 34\/2002, de 11 de julio, de Servicios de la Sociedad de la [&hellip;]<\/p>\n","protected":false},"author":1,"featured_media":0,"parent":0,"menu_order":0,"comment_status":"closed","ping_status":"closed","template":"","meta":{"footnotes":""},"class_list":["post-1588","page","type-page","status-publish","hentry"],"acf":[],"yoast_head":"<!-- This site is optimized with the Yoast SEO plugin v20.3 - https:\/\/yoast.com\/wordpress\/plugins\/seo\/ -->\n<title>Pol\u00edtica de privacidad - Crimar Retolaci\u00f3 Terrassa - Fabricaci\u00f3 de r\u00e8tols<\/title>\n<meta name=\"robots\" content=\"noindex, follow\" \/>\n<meta property=\"og:locale\" content=\"es_ES\" \/>\n<meta property=\"og:type\" content=\"article\" \/>\n<meta property=\"og:title\" content=\"Pol\u00edtica de privacidad - Crimar Retolaci\u00f3 Terrassa - Fabricaci\u00f3 de r\u00e8tols\" \/>\n<meta property=\"og:description\" content=\"OBJETO SOCIAL Crimar Retolaci\u00f3 S.L, tiene como actividad la fabricaci\u00f3n y montaje de r\u00f3tulos, impresi\u00f3n de vinilos decorativos, rotulaci\u00f3n de veh\u00edculos y la comercializaci\u00f3n de cualesquiera productos relacionados. IDENTIFICACI\u00d3N En cumplimiento con el deber de informaci\u00f3n recogido en art\u00edculo 10 de la Ley 34\/2002, de 11 de julio, de Servicios de la Sociedad de la [&hellip;]\" \/>\n<meta property=\"og:url\" content=\"https:\/\/crimar.net\/es\/politica-privacidad\/\" \/>\n<meta property=\"og:site_name\" content=\"Crimar Retolaci\u00f3 Terrassa - Fabricaci\u00f3 de r\u00e8tols\" \/>\n<meta property=\"article:publisher\" content=\"https:\/\/www.facebook.com\/Retolacio\/\" \/>\n<meta property=\"article:modified_time\" content=\"2021-08-27T14:50:52+00:00\" \/>\n<meta name=\"twitter:card\" content=\"summary_large_image\" \/>\n<meta name=\"twitter:label1\" content=\"Tiempo de lectura\" \/>\n\t<meta name=\"twitter:data1\" content=\"7 minutos\" \/>\n<!-- \/ Yoast SEO plugin. -->","yoast_head_json":{"title":"Pol\u00edtica de privacidad - Crimar Retolaci\u00f3 Terrassa - Fabricaci\u00f3 de r\u00e8tols","robots":{"index":"noindex","follow":"follow"},"og_locale":"es_ES","og_type":"article","og_title":"Pol\u00edtica de privacidad - Crimar Retolaci\u00f3 Terrassa - Fabricaci\u00f3 de r\u00e8tols","og_description":"OBJETO SOCIAL Crimar Retolaci\u00f3 S.L, tiene como actividad la fabricaci\u00f3n y montaje de r\u00f3tulos, impresi\u00f3n de vinilos decorativos, rotulaci\u00f3n de veh\u00edculos y la comercializaci\u00f3n de cualesquiera productos relacionados. IDENTIFICACI\u00d3N En cumplimiento con el deber de informaci\u00f3n recogido en art\u00edculo 10 de la Ley 34\/2002, de 11 de julio, de Servicios de la Sociedad de la [&hellip;]","og_url":"https:\/\/crimar.net\/es\/politica-privacidad\/","og_site_name":"Crimar Retolaci\u00f3 Terrassa - Fabricaci\u00f3 de r\u00e8tols","article_publisher":"https:\/\/www.facebook.com\/Retolacio\/","article_modified_time":"2021-08-27T14:50:52+00:00","twitter_card":"summary_large_image","twitter_misc":{"Tiempo de lectura":"7 minutos"},"schema":{"@context":"https:\/\/schema.org","@graph":[{"@type":"WebPage","@id":"https:\/\/crimar.net\/es\/politica-privacidad\/","url":"https:\/\/crimar.net\/es\/politica-privacidad\/","name":"Pol\u00edtica de privacidad - Crimar Retolaci\u00f3 Terrassa - Fabricaci\u00f3 de r\u00e8tols","isPartOf":{"@id":"https:\/\/crimar.net\/es\/#website"},"datePublished":"2019-09-25T07:21:19+00:00","dateModified":"2021-08-27T14:50:52+00:00","breadcrumb":{"@id":"https:\/\/crimar.net\/es\/politica-privacidad\/#breadcrumb"},"inLanguage":"es","potentialAction":[{"@type":"ReadAction","target":["https:\/\/crimar.net\/es\/politica-privacidad\/"]}]},{"@type":"BreadcrumbList","@id":"https:\/\/crimar.net\/es\/politica-privacidad\/#breadcrumb","itemListElement":[{"@type":"ListItem","position":1,"name":"Inici","item":"https:\/\/crimar.net\/es\/"},{"@type":"ListItem","position":2,"name":"Pol\u00edtica de privacidad"}]},{"@type":"WebSite","@id":"https:\/\/crimar.net\/es\/#website","url":"https:\/\/crimar.net\/es\/","name":"Crimar Retolaci\u00f3 Terrassa - Fabricaci\u00f3 de r\u00e8tols","description":"Tot en retolaci\u00f3, vinils i expositors.","publisher":{"@id":"https:\/\/crimar.net\/es\/#organization"},"potentialAction":[{"@type":"SearchAction","target":{"@type":"EntryPoint","urlTemplate":"https:\/\/crimar.net\/es\/?s={search_term_string}"},"query-input":"required name=search_term_string"}],"inLanguage":"es"},{"@type":"Organization","@id":"https:\/\/crimar.net\/es\/#organization","name":"Crimar Retolaci\u00f3","url":"https:\/\/crimar.net\/es\/","logo":{"@type":"ImageObject","inLanguage":"es","@id":"https:\/\/crimar.net\/es\/#\/schema\/logo\/image\/","url":"http:\/\/crimar.net\/wp-content\/uploads\/2019\/07\/logo-crimar.png","contentUrl":"http:\/\/crimar.net\/wp-content\/uploads\/2019\/07\/logo-crimar.png","width":512,"height":512,"caption":"Crimar Retolaci\u00f3"},"image":{"@id":"https:\/\/crimar.net\/es\/#\/schema\/logo\/image\/"},"sameAs":["https:\/\/www.facebook.com\/Retolacio\/","https:\/\/www.instagram.com\/crimar_retolacio\/"]}]}},"_links":{"self":[{"href":"https:\/\/crimar.net\/es\/wp-json\/wp\/v2\/pages\/1588"}],"collection":[{"href":"https:\/\/crimar.net\/es\/wp-json\/wp\/v2\/pages"}],"about":[{"href":"https:\/\/crimar.net\/es\/wp-json\/wp\/v2\/types\/page"}],"author":[{"embeddable":true,"href":"https:\/\/crimar.net\/es\/wp-json\/wp\/v2\/users\/1"}],"replies":[{"embeddable":true,"href":"https:\/\/crimar.net\/es\/wp-json\/wp\/v2\/comments?post=1588"}],"version-history":[{"count":3,"href":"https:\/\/crimar.net\/es\/wp-json\/wp\/v2\/pages\/1588\/revisions"}],"predecessor-version":[{"id":2305,"href":"https:\/\/crimar.net\/es\/wp-json\/wp\/v2\/pages\/1588\/revisions\/2305"}],"wp:attachment":[{"href":"https:\/\/crimar.net\/es\/wp-json\/wp\/v2\/media?parent=1588"}],"curies":[{"name":"wp","href":"https:\/\/api.w.org\/{rel}","templated":true}]}}