{"id":1360,"date":"2019-08-22T11:18:59","date_gmt":"2019-08-22T09:18:59","guid":{"rendered":"http:\/\/crimar.net\/politica-de-cookies\/"},"modified":"2023-04-24T07:59:28","modified_gmt":"2023-04-24T05:59:28","slug":"cookies","status":"publish","type":"page","link":"https:\/\/crimar.net\/es\/cookies\/","title":{"rendered":"Pol\u00edtica de cookies"},"content":{"rendered":"\t\t<div data-elementor-type=\"wp-post\" data-elementor-id=\"1360\" class=\"elementor elementor-1360 elementor-1349\">\n\t\t\t\t\t\t<div class=\"elementor-inner\">\n\t\t\t\t<div class=\"elementor-section-wrap\">\n\t\t\t\t\t\t\t\t\t<section class=\"elementor-section elementor-top-section elementor-element elementor-element-f47cf86 elementor-section-boxed elementor-section-height-default elementor-section-height-default\" data-id=\"f47cf86\" data-element_type=\"section\" data-settings=\"{&quot;jet_parallax_layout_list&quot;:[{&quot;jet_parallax_layout_image&quot;:{&quot;url&quot;:&quot;&quot;,&quot;id&quot;:&quot;&quot;,&quot;size&quot;:&quot;&quot;},&quot;_id&quot;:&quot;d079369&quot;,&quot;jet_parallax_layout_image_tablet&quot;:{&quot;url&quot;:&quot;&quot;,&quot;id&quot;:&quot;&quot;,&quot;size&quot;:&quot;&quot;},&quot;jet_parallax_layout_image_mobile&quot;:{&quot;url&quot;:&quot;&quot;,&quot;id&quot;:&quot;&quot;,&quot;size&quot;:&quot;&quot;},&quot;jet_parallax_layout_speed&quot;:{&quot;unit&quot;:&quot;%&quot;,&quot;size&quot;:50,&quot;sizes&quot;:[]},&quot;jet_parallax_layout_type&quot;:&quot;scroll&quot;,&quot;jet_parallax_layout_direction&quot;:null,&quot;jet_parallax_layout_fx_direction&quot;:null,&quot;jet_parallax_layout_z_index&quot;:&quot;&quot;,&quot;jet_parallax_layout_bg_x&quot;:50,&quot;jet_parallax_layout_bg_x_tablet&quot;:&quot;&quot;,&quot;jet_parallax_layout_bg_x_mobile&quot;:&quot;&quot;,&quot;jet_parallax_layout_bg_y&quot;:50,&quot;jet_parallax_layout_bg_y_tablet&quot;:&quot;&quot;,&quot;jet_parallax_layout_bg_y_mobile&quot;:&quot;&quot;,&quot;jet_parallax_layout_bg_size&quot;:&quot;auto&quot;,&quot;jet_parallax_layout_bg_size_tablet&quot;:&quot;&quot;,&quot;jet_parallax_layout_bg_size_mobile&quot;:&quot;&quot;,&quot;jet_parallax_layout_animation_prop&quot;:&quot;transform&quot;,&quot;jet_parallax_layout_on&quot;:[&quot;desktop&quot;,&quot;tablet&quot;]}]}\">\n\t\t\t\t\t\t<div class=\"elementor-container elementor-column-gap-default\">\n\t\t\t\t\t\t\t<div class=\"elementor-row\">\n\t\t\t\t\t<div class=\"elementor-column elementor-col-100 elementor-top-column elementor-element elementor-element-6a47e49\" data-id=\"6a47e49\" data-element_type=\"column\">\n\t\t\t<div class=\"elementor-column-wrap elementor-element-populated\">\n\t\t\t\t\t\t\t<div class=\"elementor-widget-wrap\">\n\t\t\t\t\t\t<div class=\"elementor-element elementor-element-dc9022c elementor-widget elementor-widget-text-editor\" data-id=\"dc9022c\" data-element_type=\"widget\" data-widget_type=\"text-editor.default\">\n\t\t\t\t<div class=\"elementor-widget-container\">\n\t\t\t\t\t\t\t\t<div class=\"elementor-text-editor elementor-clearfix\">\n\t\t\t\t<p>De acuerdo con la normativa vigente, Cimar Retolaci\u00f3 facilita a los usuarios informaci\u00f3n relativa a las &#8216;cookies&#8217; que utiliza y los motivos de su uso, as\u00ed como sol\u00b7licita su consentimiento para poder utilizarlas.<br \/>La web de Crimar Retolaci\u00f3 utiliza &#8220;cookies&#8221; propias y de terceros para ofrecer una mejor experiencia de navegaci\u00f3n y un mejor servicio. No obstante el usuario tiene la opci\u00f3n de impedir la generaci\u00f3n de cookies y la eliminaci\u00f3n de las mismas mediante la selecci\u00f3n de la correspondiente opci\u00f3n en su navegador. En caso de bloquear el uso de las &#8220;cookies&#8221; en su navegador, es posible que algunos servicios o funcionalidades de la p\u00e1gina web no est\u00e9n disponibles.<\/p><h3>Qu\u00e9 es una &#8216;cookie&#8217;?<\/h3><p>Las cookies constituyen una herramienta empleada por los servidores web para almacenar y recuperar informaci\u00f3n relativa a los usuarios. Son peque\u00f1os archivos de texto que las p\u00e1ginas web env\u00edan al navegador y que se almacenan en el terminal del usuario, ya sea un ordenador, un tel\u00e9fono m\u00f3vil o una tableta. Esta informaci\u00f3n permite recuperar informaci\u00f3n como por ejemplo su usuario registrado, si dispone, datos de conexi\u00f3n a las redes sociales o datos de preferencias de navegaci\u00f3n. Estos datos son almacenados para ser recordadas cuando el usuario visita de nuevo la p\u00e1gina.<\/p><h3>Como se utilizan las &#8216;cookies&#8217; i qu\u00e9 tipo de informaci\u00f3n guardan?<\/h3><p>Al navegar por la p\u00e1gina web de Crimar Retolaci\u00f3, el usuario est\u00e1 aceptando que se puedan instalar cookies en su terminal que permitan conocer la siguiente informaci\u00f3n:<br \/>Informaci\u00f3n estad\u00edstica del uso de la web<br \/>La actividad que ha llevado a cabo el usuario en la web (p\u00e1ginas vistas, b\u00fasquedas, etc.)<br \/>Datos de conexi\u00f3n a las redes sociales para los usuarios que acceden con su usuario de Facebook o Twitter.<\/p><p>En caso de bloquear el uso de cookies de su navegador algunos de los servicios de la p\u00e1gina web dejar\u00e1n de estar disponibles.<\/p><h3>Como modificar la configuraci\u00f3n de las Cookies?<\/h3><p>Puedes gestionar las cookies almacenadas en tu equipo o desactivarlas completamente a trav\u00e9s de la configuraci\u00f3n de tu navegador. Ten en cuenta que esto puede afectar tu experiencia de navegaci\u00f3n o, incluso, impedirte que utilices determinados servicios, tales como aquellos que tengan un acceso seguro o que requieran la configuraci\u00f3n de las cookies para funcionar.<\/p><p>Todos los navegadores modernos te permitir\u00e1n cambiar la configuraci\u00f3n de las cookies para ofrecerte un amplio control sobre si se pueden configurar las cookies o no.<\/p><p>Para obtener m\u00e1s informaci\u00f3n, visite la secci\u00f3n de ayuda del navegador que utilices:<\/p><p><a href=\"https:\/\/support.google.com\/chrome\/answer\/95647?hl=es\">Chrome<\/a><br \/><a href=\"https:\/\/support.mozilla.org\/es\/kb\/habilitar-y-deshabilitar-cookies-sitios-web-rastrear-preferencias\">Firefox<\/a><br \/><a href=\"https:\/\/support.microsoft.com\/es-es\/help\/17442\/windows-internet-explorer-delete-manage-cookies\">Internet Explorer<\/a><br \/><a href=\"https:\/\/support.apple.com\/es-es\/guide\/safari\/sfri11471\/mac\">Safari<\/a><\/p>\t\t\t\t\t<\/div>\n\t\t\t\t\t\t<\/div>\n\t\t\t\t<\/div>\n\t\t\t\t\t\t<\/div>\n\t\t\t\t\t<\/div>\n\t\t<\/div>\n\t\t\t\t\t\t\t\t<\/div>\n\t\t\t\t\t<\/div>\n\t\t<\/section>\n\t\t\t\t\t\t\t\t\t<\/div>\n\t\t\t<\/div>\n\t\t\t\t\t<\/div>\n\t\t","protected":false},"excerpt":{"rendered":"<p>De acuerdo con la normativa vigente, Cimar Retolaci\u00f3 facilita a los usuarios informaci\u00f3n relativa a las &#8216;cookies&#8217; que utiliza y los motivos de su uso, as\u00ed como sol\u00b7licita su consentimiento para poder utilizarlas.La web de Crimar Retolaci\u00f3 utiliza &#8220;cookies&#8221; propias y de terceros para ofrecer una mejor experiencia de navegaci\u00f3n y un mejor servicio. No [&hellip;]<\/p>\n","protected":false},"author":1,"featured_media":0,"parent":0,"menu_order":0,"comment_status":"closed","ping_status":"closed","template":"","meta":{"footnotes":""},"class_list":["post-1360","page","type-page","status-publish","hentry"],"acf":[],"yoast_head":"<!-- This site is optimized with the Yoast SEO plugin v20.3 - https:\/\/yoast.com\/wordpress\/plugins\/seo\/ -->\n<title>Pol\u00edtica de cookies - Crimar Retolaci\u00f3 Terrassa - Fabricaci\u00f3 de r\u00e8tols<\/title>\n<meta name=\"robots\" content=\"noindex, follow\" \/>\n<meta property=\"og:locale\" content=\"es_ES\" \/>\n<meta property=\"og:type\" content=\"article\" \/>\n<meta property=\"og:title\" content=\"Pol\u00edtica de cookies - Crimar Retolaci\u00f3 Terrassa - Fabricaci\u00f3 de r\u00e8tols\" \/>\n<meta property=\"og:description\" content=\"De acuerdo con la normativa vigente, Cimar Retolaci\u00f3 facilita a los usuarios informaci\u00f3n relativa a las &#8216;cookies&#8217; que utiliza y los motivos de su uso, as\u00ed como sol\u00b7licita su consentimiento para poder utilizarlas.La web de Crimar Retolaci\u00f3 utiliza &#8220;cookies&#8221; propias y de terceros para ofrecer una mejor experiencia de navegaci\u00f3n y un mejor servicio. No [&hellip;]\" \/>\n<meta property=\"og:url\" content=\"https:\/\/crimar.net\/es\/cookies\/\" \/>\n<meta property=\"og:site_name\" content=\"Crimar Retolaci\u00f3 Terrassa - Fabricaci\u00f3 de r\u00e8tols\" \/>\n<meta property=\"article:publisher\" content=\"https:\/\/www.facebook.com\/Retolacio\/\" \/>\n<meta property=\"article:modified_time\" content=\"2023-04-24T05:59:28+00:00\" \/>\n<meta name=\"twitter:card\" content=\"summary_large_image\" \/>\n<meta name=\"twitter:label1\" content=\"Tiempo de lectura\" \/>\n\t<meta name=\"twitter:data1\" content=\"2 minutos\" \/>\n<!-- \/ Yoast SEO plugin. -->","yoast_head_json":{"title":"Pol\u00edtica de cookies - Crimar Retolaci\u00f3 Terrassa - Fabricaci\u00f3 de r\u00e8tols","robots":{"index":"noindex","follow":"follow"},"og_locale":"es_ES","og_type":"article","og_title":"Pol\u00edtica de cookies - Crimar Retolaci\u00f3 Terrassa - Fabricaci\u00f3 de r\u00e8tols","og_description":"De acuerdo con la normativa vigente, Cimar Retolaci\u00f3 facilita a los usuarios informaci\u00f3n relativa a las &#8216;cookies&#8217; que utiliza y los motivos de su uso, as\u00ed como sol\u00b7licita su consentimiento para poder utilizarlas.La web de Crimar Retolaci\u00f3 utiliza &#8220;cookies&#8221; propias y de terceros para ofrecer una mejor experiencia de navegaci\u00f3n y un mejor servicio. No [&hellip;]","og_url":"https:\/\/crimar.net\/es\/cookies\/","og_site_name":"Crimar Retolaci\u00f3 Terrassa - Fabricaci\u00f3 de r\u00e8tols","article_publisher":"https:\/\/www.facebook.com\/Retolacio\/","article_modified_time":"2023-04-24T05:59:28+00:00","twitter_card":"summary_large_image","twitter_misc":{"Tiempo de lectura":"2 minutos"},"schema":{"@context":"https:\/\/schema.org","@graph":[{"@type":"WebPage","@id":"https:\/\/crimar.net\/es\/cookies\/","url":"https:\/\/crimar.net\/es\/cookies\/","name":"Pol\u00edtica de cookies - Crimar Retolaci\u00f3 Terrassa - Fabricaci\u00f3 de r\u00e8tols","isPartOf":{"@id":"https:\/\/crimar.net\/es\/#website"},"datePublished":"2019-08-22T09:18:59+00:00","dateModified":"2023-04-24T05:59:28+00:00","breadcrumb":{"@id":"https:\/\/crimar.net\/es\/cookies\/#breadcrumb"},"inLanguage":"es","potentialAction":[{"@type":"ReadAction","target":["https:\/\/crimar.net\/es\/cookies\/"]}]},{"@type":"BreadcrumbList","@id":"https:\/\/crimar.net\/es\/cookies\/#breadcrumb","itemListElement":[{"@type":"ListItem","position":1,"name":"Inici","item":"https:\/\/crimar.net\/es\/"},{"@type":"ListItem","position":2,"name":"Pol\u00edtica de cookies"}]},{"@type":"WebSite","@id":"https:\/\/crimar.net\/es\/#website","url":"https:\/\/crimar.net\/es\/","name":"Crimar Retolaci\u00f3 Terrassa - Fabricaci\u00f3 de r\u00e8tols","description":"Tot en retolaci\u00f3, vinils i expositors.","publisher":{"@id":"https:\/\/crimar.net\/es\/#organization"},"potentialAction":[{"@type":"SearchAction","target":{"@type":"EntryPoint","urlTemplate":"https:\/\/crimar.net\/es\/?s={search_term_string}"},"query-input":"required name=search_term_string"}],"inLanguage":"es"},{"@type":"Organization","@id":"https:\/\/crimar.net\/es\/#organization","name":"Crimar Retolaci\u00f3","url":"https:\/\/crimar.net\/es\/","logo":{"@type":"ImageObject","inLanguage":"es","@id":"https:\/\/crimar.net\/es\/#\/schema\/logo\/image\/","url":"http:\/\/crimar.net\/wp-content\/uploads\/2019\/07\/logo-crimar.png","contentUrl":"http:\/\/crimar.net\/wp-content\/uploads\/2019\/07\/logo-crimar.png","width":512,"height":512,"caption":"Crimar Retolaci\u00f3"},"image":{"@id":"https:\/\/crimar.net\/es\/#\/schema\/logo\/image\/"},"sameAs":["https:\/\/www.facebook.com\/Retolacio\/","https:\/\/www.instagram.com\/crimar_retolacio\/"]}]}},"_links":{"self":[{"href":"https:\/\/crimar.net\/es\/wp-json\/wp\/v2\/pages\/1360"}],"collection":[{"href":"https:\/\/crimar.net\/es\/wp-json\/wp\/v2\/pages"}],"about":[{"href":"https:\/\/crimar.net\/es\/wp-json\/wp\/v2\/types\/page"}],"author":[{"embeddable":true,"href":"https:\/\/crimar.net\/es\/wp-json\/wp\/v2\/users\/1"}],"replies":[{"embeddable":true,"href":"https:\/\/crimar.net\/es\/wp-json\/wp\/v2\/comments?post=1360"}],"version-history":[{"count":3,"href":"https:\/\/crimar.net\/es\/wp-json\/wp\/v2\/pages\/1360\/revisions"}],"predecessor-version":[{"id":2351,"href":"https:\/\/crimar.net\/es\/wp-json\/wp\/v2\/pages\/1360\/revisions\/2351"}],"wp:attachment":[{"href":"https:\/\/crimar.net\/es\/wp-json\/wp\/v2\/media?parent=1360"}],"curies":[{"name":"wp","href":"https:\/\/api.w.org\/{rel}","templated":true}]}}